{"id":17771,"date":"2025-12-05T08:34:38","date_gmt":"2025-12-05T07:34:38","guid":{"rendered":"https:\/\/rimtatar.com\/?post_type=product&#038;p=17771"},"modified":"2026-02-10T11:38:44","modified_gmt":"2026-02-10T10:38:44","slug":"365-jours-de-developpement","status":"publish","type":"product","link":"https:\/\/rimtatar.com\/index.php\/produit\/365-jours-de-developpement\/","title":{"rendered":"365 JOURS DE DEVELOPPEMENT"},"content":{"rendered":"<p>Ce carnet de 365\u00a0 jours est une v\u00e9ritable respiration pour ton esprit. Chaque page t&rsquo;invite \u00e0 faire le tri, \u00e0 mettre de l&rsquo;ordre \u2014 dans tes pens\u00e9es, tes priorit\u00e9s, ton espace int\u00e9rieur. Jour apr\u00e8s jour, tu all\u00e8ges, tu clarifies, tu r\u00e9organises. Ce n&rsquo;est pas un simple carnet : c&rsquo;est rituel d&rsquo;\u00e9quilibre qui t&rsquo;aide \u00e0 faire circuler l&rsquo;\u00e9nergie, \u00e0 lib\u00e9rer ce qui encombre et \u00e0 faire place \u00e0 ce qui compte vraiment. \u00c0 la fin de l&rsquo;ann\u00e9e, tu auras nettoy\u00e9 bien plus ton agenda : ton esprit tout entier r\u00e9organis\u00e9, apais\u00e9, pr\u00eat \u00e0 cr\u00e9er du neuf.<\/p>\n","protected":false},"excerpt":{"rendered":"<p>Ce carnet de 365\u00a0 jours est une v\u00e9ritable respiration pour ton esprit. Chaque page t&rsquo;invite \u00e0 faire le tri, \u00e0 mettre de l&rsquo;ordre \u2014 dans tes pens\u00e9es, tes priorit\u00e9s, ton espace int\u00e9rieur. Jour apr\u00e8s jour, tu all\u00e8ges, tu clarifies, tu [&hellip;]<\/p>\n","protected":false},"featured_media":17773,"comment_status":"open","ping_status":"closed","template":"","meta":[],"product_brand":[],"product_cat":[66],"product_tag":[],"class_list":{"0":"post-17771","1":"product","2":"type-product","3":"status-publish","4":"has-post-thumbnail","6":"product_cat-my-products","8":"first","9":"instock","10":"taxable","11":"shipping-taxable","12":"purchasable","13":"product-type-simple"},"jetpack_sharing_enabled":true,"_links":{"self":[{"href":"https:\/\/rimtatar.com\/index.php\/wp-json\/wp\/v2\/product\/17771","targetHints":{"allow":["GET"]}}],"collection":[{"href":"https:\/\/rimtatar.com\/index.php\/wp-json\/wp\/v2\/product"}],"about":[{"href":"https:\/\/rimtatar.com\/index.php\/wp-json\/wp\/v2\/types\/product"}],"replies":[{"embeddable":true,"href":"https:\/\/rimtatar.com\/index.php\/wp-json\/wp\/v2\/comments?post=17771"}],"wp:featuredmedia":[{"embeddable":true,"href":"https:\/\/rimtatar.com\/index.php\/wp-json\/wp\/v2\/media\/17773"}],"wp:attachment":[{"href":"https:\/\/rimtatar.com\/index.php\/wp-json\/wp\/v2\/media?parent=17771"}],"wp:term":[{"taxonomy":"product_brand","embeddable":true,"href":"https:\/\/rimtatar.com\/index.php\/wp-json\/wp\/v2\/product_brand?post=17771"},{"taxonomy":"product_cat","embeddable":true,"href":"https:\/\/rimtatar.com\/index.php\/wp-json\/wp\/v2\/product_cat?post=17771"},{"taxonomy":"product_tag","embeddable":true,"href":"https:\/\/rimtatar.com\/index.php\/wp-json\/wp\/v2\/product_tag?post=17771"}],"curies":[{"name":"wp","href":"https:\/\/api.w.org\/{rel}","templated":true}]}}