{"id":17732,"date":"2025-10-01T11:08:33","date_gmt":"2025-10-01T09:08:33","guid":{"rendered":"https:\/\/rimtatar.com\/?page_id=17732"},"modified":"2025-10-01T11:24:55","modified_gmt":"2025-10-01T09:24:55","slug":"hypnotherapie-ou-rtt-therapie-de-transformation-rapide","status":"publish","type":"page","link":"https:\/\/rimtatar.com\/index.php\/hypnotherapie-ou-rtt-therapie-de-transformation-rapide\/","title":{"rendered":"Hypnoth\u00e9rapie ou RTT (th\u00e9rapie de transformation rapide)"},"content":{"rendered":"\t\t<div data-elementor-type=\"wp-page\" data-elementor-id=\"17732\" class=\"elementor elementor-17732\">\n\t\t\t\t<div class=\"elementor-element elementor-element-6769191 e-flex e-con-boxed e-con e-parent\" data-id=\"6769191\" data-element_type=\"container\">\n\t\t\t\t\t<div class=\"e-con-inner\">\n\t\t\t\t<div class=\"elementor-element elementor-element-deda8b8 elementor-widget elementor-widget-spacer\" data-id=\"deda8b8\" data-element_type=\"widget\" data-widget_type=\"spacer.default\">\n\t\t\t\t<div class=\"elementor-widget-container\">\n\t\t\t\t\t\t\t<div class=\"elementor-spacer\">\n\t\t\t<div class=\"elementor-spacer-inner\"><\/div>\n\t\t<\/div>\n\t\t\t\t\t\t<\/div>\n\t\t\t\t<\/div>\n\t\t\t\t\t<\/div>\n\t\t\t\t<\/div>\n\t\t<div class=\"elementor-element elementor-element-66e2998 e-flex e-con-boxed e-con e-parent\" data-id=\"66e2998\" data-element_type=\"container\">\n\t\t\t\t\t<div class=\"e-con-inner\">\n\t\t\t\t<div class=\"elementor-element elementor-element-94c2a4f elementor-widget elementor-widget-image\" data-id=\"94c2a4f\" data-element_type=\"widget\" data-widget_type=\"image.default\">\n\t\t\t\t<div class=\"elementor-widget-container\">\n\t\t\t\t\t\t\t\t\t\t\t\t\t\t\t<img fetchpriority=\"high\" decoding=\"async\" width=\"640\" height=\"426\" src=\"https:\/\/rimtatar.com\/wp-content\/uploads\/2025\/10\/mental-health-2019924_1280-1024x682.jpg\" class=\"attachment-large size-large wp-image-17734\" alt=\"\" srcset=\"https:\/\/rimtatar.com\/wp-content\/uploads\/2025\/10\/mental-health-2019924_1280-1024x682.jpg 1024w, https:\/\/rimtatar.com\/wp-content\/uploads\/2025\/10\/mental-health-2019924_1280-300x200.jpg 300w, https:\/\/rimtatar.com\/wp-content\/uploads\/2025\/10\/mental-health-2019924_1280-768x512.jpg 768w, https:\/\/rimtatar.com\/wp-content\/uploads\/2025\/10\/mental-health-2019924_1280-600x400.jpg 600w, https:\/\/rimtatar.com\/wp-content\/uploads\/2025\/10\/mental-health-2019924_1280.jpg 1280w\" sizes=\"(max-width: 640px) 100vw, 640px\" \/>\t\t\t\t\t\t\t\t\t\t\t\t\t\t\t<\/div>\n\t\t\t\t<\/div>\n\t\t\t\t\t<\/div>\n\t\t\t\t<\/div>\n\t\t<div class=\"elementor-element elementor-element-7af20fa e-flex e-con-boxed e-con e-parent\" data-id=\"7af20fa\" data-element_type=\"container\">\n\t\t\t\t\t<div class=\"e-con-inner\">\n\t\t\t\t<div class=\"elementor-element elementor-element-5f7bd06 elementor-widget elementor-widget-spacer\" data-id=\"5f7bd06\" data-element_type=\"widget\" data-widget_type=\"spacer.default\">\n\t\t\t\t<div class=\"elementor-widget-container\">\n\t\t\t\t\t\t\t<div class=\"elementor-spacer\">\n\t\t\t<div class=\"elementor-spacer-inner\"><\/div>\n\t\t<\/div>\n\t\t\t\t\t\t<\/div>\n\t\t\t\t<\/div>\n\t\t\t\t\t<\/div>\n\t\t\t\t<\/div>\n\t\t<div class=\"elementor-element elementor-element-27f0d49 e-flex e-con-boxed e-con e-parent\" data-id=\"27f0d49\" data-element_type=\"container\">\n\t\t\t\t\t<div class=\"e-con-inner\">\n\t\t\t\t<div class=\"elementor-element elementor-element-992e683 elementor-widget elementor-widget-thim-ekits-heading\" data-id=\"992e683\" data-element_type=\"widget\" data-widget_type=\"thim-ekits-heading.default\">\n\t\t\t\t<div class=\"elementor-widget-container\">\n\t\t\t\t\t<div class=\"thim-ekits-heading thim-ekit__heading\"><h3 class=\"title\">Hypnoth\u00e9rapie ou th\u00e9rapie de transformation rapide. Quelle th\u00e9rapie choisir ?<\/h3><p class=\"sub-heading\">Entre tabou et clich\u00e9s, la th\u00e9rapie et la sant\u00e9 mentale \u00e9taient autrefois per\u00e7ues comme difficiles d\u2019acc\u00e8s, pour autant de nos jours, certains ne peuvent presque plus s\u2019en passer.\nEn vue d\u2019un contexte fragile qui exige un passage \u00e0 l\u2019acte, parfois, c\u2019est m\u00eame le besoin de se lib\u00e9rer des sympt\u00f4mes, d\u2019une situation tragique, d\u2019un blocage, qu\u2019il soit mental ou \u00e9motionnel ou encore dans le cadre d\u2019un deuil difficile, on a tous une infinit\u00e9 de raisons pour entamer une th\u00e9rapie.<\/p><\/div>\t\t\t\t<\/div>\n\t\t\t\t<\/div>\n\t\t\t\t\t<\/div>\n\t\t\t\t<\/div>\n\t\t<div class=\"elementor-element elementor-element-83279bb e-flex e-con-boxed e-con e-parent\" data-id=\"83279bb\" data-element_type=\"container\">\n\t\t\t\t\t<div class=\"e-con-inner\">\n\t\t\t\t<div class=\"elementor-element elementor-element-e8820c1 elementor-widget elementor-widget-spacer\" data-id=\"e8820c1\" data-element_type=\"widget\" data-widget_type=\"spacer.default\">\n\t\t\t\t<div class=\"elementor-widget-container\">\n\t\t\t\t\t\t\t<div class=\"elementor-spacer\">\n\t\t\t<div class=\"elementor-spacer-inner\"><\/div>\n\t\t<\/div>\n\t\t\t\t\t\t<\/div>\n\t\t\t\t<\/div>\n\t\t\t\t\t<\/div>\n\t\t\t\t<\/div>\n\t\t<div class=\"elementor-element elementor-element-d383cf8 e-flex e-con-boxed e-con e-parent\" data-id=\"d383cf8\" data-element_type=\"container\">\n\t\t\t\t\t<div class=\"e-con-inner\">\n\t\t\t\t<div class=\"elementor-element elementor-element-556ff3a elementor-widget elementor-widget-thim-ekits-heading\" data-id=\"556ff3a\" data-element_type=\"widget\" data-widget_type=\"thim-ekits-heading.default\">\n\t\t\t\t<div class=\"elementor-widget-container\">\n\t\t\t\t\t<div class=\"thim-ekits-heading thim-ekit__heading\"><h3 class=\"title\">La th\u00e9rapie de transformation rapide, une th\u00e9rapie pour tous\u202f?<\/h3><p class=\"sub-heading\">La Th\u00e9rapie de transformation rapide ou rapid transformational therapy est un succ\u00e8s dont les \u00e9chos de r\u00e9ussite font r\u00eaver. Cette th\u00e9rapie ph\u00e9nom\u00e9nale combine tout le potentiel des techniques th\u00e9rapeutiques les plus efficaces. La RTT convient \u00e0 tout le monde sans exception. Elle allie le meilleur de la PNL, de la TCC, de l\u2019hypnoth\u00e9rapie et du renforcement positif au service d\u2019un patient qui cherche un r\u00e9sultat dans l\u2019imm\u00e9diat. <\/br>\nTout-puissants et r\u00e9volutionnaires, les protocoles th\u00e9rapeutiques de la rapid transformational therapy, sont fond\u00e9s sur les neurosciences, visant tout simplement \u00e0 att\u00e9nuer les blocages aux confins de l\u2019inconscient et \u00e0 d\u00e9samorcer les contraintes et les freins qui emp\u00eachent d\u2019avancer en amenant \u00e0 la conscience de nouveaux outils pour s\u2019\u00e9manciper. <\/br>\nM\u00eame si tout d\u00e9pend de la connaissance et la conscience que l\u2019on a de soi-m\u00eame, de l\u2019urgence et de la complexit\u00e9 de la situation, l\u2019atout de la th\u00e9rapie de transformation rapide r\u00e9side dans le fait d\u2019acc\u00e9der rapidement, en une \u00e0 trois s\u00e9ances, aux ressources cach\u00e9es du cerveau humain et \u00e0 son potentiel en transformant les barri\u00e8res en atouts. <\/br>\nC\u2019est un des leviers principaux de la rapid transformational therapy qui permettent avant tout d\u2019avancer, mais aussi d\u2019ancrer une nouvelle perception positive de soi et d\u2019acc\u00e9der au plein potentiel. <\/br>\nLors d\u2019un premier entretien o\u00f9 le praticien de la th\u00e9rapie de transformation rapide (RTT) identifie les sympt\u00f4mes qui handicapent le patient, les croyances limitantes et les sources \u00e0 l\u2019origine de sa situation v\u00e9cue comme probl\u00e9matique. Qu\u2019il s\u2019agisse d\u2019addiction, de trouble du comportement alimentaire, de phobie, d\u2019anxi\u00e9t\u00e9, de d\u00e9pression ou autre, le patient est guid\u00e9 afin de mieux formuler son propre besoin th\u00e9rapeutique. <\/br>\nLe nombre de s\u00e9ances, sous \u00e9tat hypnotique, est d\u00e9termin\u00e9 selon la complexit\u00e9 de l\u2019\u00e9tat du patient et la th\u00e9rapie est suivie par la remise d\u2019un enregistrement effectu\u00e9 \u00e0 la fin de la s\u00e9ance que le patient sera amen\u00e9 \u00e0 \u00e9couter durant une p\u00e9riode pr\u00e9alablement d\u00e9termin\u00e9e. <\/br>\n<\/p><\/div>\t\t\t\t<\/div>\n\t\t\t\t<\/div>\n\t\t\t\t\t<\/div>\n\t\t\t\t<\/div>\n\t\t<div class=\"elementor-element elementor-element-d1ae4fa e-flex e-con-boxed e-con e-parent\" data-id=\"d1ae4fa\" data-element_type=\"container\">\n\t\t\t\t\t<div class=\"e-con-inner\">\n\t\t\t\t<div class=\"elementor-element elementor-element-f216c98 elementor-widget elementor-widget-spacer\" data-id=\"f216c98\" data-element_type=\"widget\" data-widget_type=\"spacer.default\">\n\t\t\t\t<div class=\"elementor-widget-container\">\n\t\t\t\t\t\t\t<div class=\"elementor-spacer\">\n\t\t\t<div class=\"elementor-spacer-inner\"><\/div>\n\t\t<\/div>\n\t\t\t\t\t\t<\/div>\n\t\t\t\t<\/div>\n\t\t\t\t\t<\/div>\n\t\t\t\t<\/div>\n\t\t<div class=\"elementor-element elementor-element-1e0a387 e-flex e-con-boxed e-con e-parent\" data-id=\"1e0a387\" data-element_type=\"container\">\n\t\t\t\t\t<div class=\"e-con-inner\">\n\t\t\t\t<div class=\"elementor-element elementor-element-3b5dffa elementor-widget elementor-widget-thim-ekits-heading\" data-id=\"3b5dffa\" data-element_type=\"widget\" data-widget_type=\"thim-ekits-heading.default\">\n\t\t\t\t<div class=\"elementor-widget-container\">\n\t\t\t\t\t<div class=\"thim-ekits-heading thim-ekit__heading\"><h3 class=\"title\">RTT VS hypnose traditionnelle, que choisir?<\/h3><p class=\"sub-heading\">Si les deux th\u00e9rapies ont un point commun majeur qui est l\u2019\u00e9tat hypnotique du patient, la <strong>Rapid Transformational Therapy<\/strong> se distingue de l\u2019hypnoth\u00e9rapie. Non seulement la <strong>Rapid Transformational Therapy<\/strong> fait appel \u00e0 plusieurs outils th\u00e9rapeutiques de r\u00e9activation neuronale dont <strong>l\u2019hypnoth\u00e9rapeute<\/strong> ne dispose pas, mais elle va directement corriger les failles \u00e0 la source. Il s\u2019agit d\u2019un voyage stimulant l\u2019imaginaire qui permet d\u2019ouvrir les portes du pass\u00e9, de revivre l\u2019\u00e9poque o\u00f9 la blessure et la souffrance qui va avec, se sont install\u00e9es, tout en corrigeant ce qui a \u00e9t\u00e9 ab\u00eem\u00e9. En d\u2019autres termes, gr\u00e2ce \u00e0 la <strong>th\u00e9rapie de transformation rapide<\/strong>, on est capable de revenir en arri\u00e8re, de d\u00e9faire ou de refaire ce qui a \u00e9t\u00e9 fait ou mal fait. De combler un vide cr\u00e9\u00e9 il y a longtemps et de modifier le contexte de certaines exp\u00e9riences. <\/br>\nSelon la fondatrice de la m\u00e9thode, <a href=\"https:\/\/marisapeer.com\/\" target=\"_blank\"><strong>Marisa Peer<\/strong><\/a>, \u00e0 la diff\u00e9rence de <strong>l\u2019hypnoth\u00e9rapeute<\/strong>, le praticien ou le th\u00e9rapeute RTT fait partie int\u00e9grante du processus et accompagne le patient pas \u00e0 pas dans son parcours \u00e0 comprendre et \u00e0 prendre conscience de ses propres freins. En mettant des mots dessus, le patient int\u00e8gre enfin sa r\u00e9alit\u00e9 et sa situation, mais surtout, l\u2019origine de son mal-\u00eatre.\nC\u2019est \u00e0 cette \u00e9tape qu\u2019intervient le th\u00e9rapeute pour aider le patient \u00e0 couper d\u00e9finitivement avec ses blessures de vie et \u00e0 fonctionner de fa\u00e7on plus adapt\u00e9e gr\u00e2ce \u00e0 la neuroplasticit\u00e9 et l\u2019\u00e9lagage synaptique.\n<\/p><\/div>\t\t\t\t<\/div>\n\t\t\t\t<\/div>\n\t\t\t\t\t<\/div>\n\t\t\t\t<\/div>\n\t\t<div class=\"elementor-element elementor-element-dde2fd7 e-flex e-con-boxed e-con e-parent\" data-id=\"dde2fd7\" data-element_type=\"container\">\n\t\t\t\t\t<div class=\"e-con-inner\">\n\t\t\t\t<div class=\"elementor-element elementor-element-620ea42 elementor-widget elementor-widget-spacer\" data-id=\"620ea42\" data-element_type=\"widget\" data-widget_type=\"spacer.default\">\n\t\t\t\t<div class=\"elementor-widget-container\">\n\t\t\t\t\t\t\t<div class=\"elementor-spacer\">\n\t\t\t<div class=\"elementor-spacer-inner\"><\/div>\n\t\t<\/div>\n\t\t\t\t\t\t<\/div>\n\t\t\t\t<\/div>\n\t\t\t\t\t<\/div>\n\t\t\t\t<\/div>\n\t\t<div class=\"elementor-element elementor-element-211d662 e-con-full e-flex e-con e-parent\" data-id=\"211d662\" data-element_type=\"container\" data-settings=\"{&quot;background_background&quot;:&quot;classic&quot;}\">\n\t\t\t\t<div class=\"elementor-element elementor-element-3924c72 elementor-widget elementor-widget-spacer\" data-id=\"3924c72\" data-element_type=\"widget\" data-widget_type=\"spacer.default\">\n\t\t\t\t<div class=\"elementor-widget-container\">\n\t\t\t\t\t\t\t<div class=\"elementor-spacer\">\n\t\t\t<div class=\"elementor-spacer-inner\"><\/div>\n\t\t<\/div>\n\t\t\t\t\t\t<\/div>\n\t\t\t\t<\/div>\n\t\t\t\t<div class=\"elementor-element elementor-element-ea7fcc4 elementor-widget elementor-widget-thim-ekits-heading\" data-id=\"ea7fcc4\" data-element_type=\"widget\" data-widget_type=\"thim-ekits-heading.default\">\n\t\t\t\t<div class=\"elementor-widget-container\">\n\t\t\t\t\t<div class=\"thim-ekits-heading thim-ekit__heading\"><h3 class=\"title\">D\u00e9couvrez la th\u00e9rapie \"Le chemin vers Soi\"<\/h3><p class=\"sub-heading\">Une th\u00e9rapie qui vise \u00e0 se r\u00e9concilier avec soi-m\u00eame<\/p><\/div>\t\t\t\t<\/div>\n\t\t\t\t<\/div>\n\t\t\t\t<div class=\"elementor-element elementor-element-7fa658a elementor-widget elementor-widget-thim-ekits-button\" data-id=\"7fa658a\" data-element_type=\"widget\" data-widget_type=\"thim-ekits-button.default\">\n\t\t\t\t<div class=\"elementor-widget-container\">\n\t\t\t\t\t\n\t\t<div class=\"thim-ekits-button\">\n\t\t\t<a href=\"https:\/\/rimtatar.com\/index.php\/start-now\/\" role=\"button\">\n\t\t\t\t<span class=\"button-content-wrapper\">\n\t\t\t\t\tBuy Therapy\t\t\t\t<\/span>\n\t\t\t<\/a>\n\t\t<\/div>\n\n\t\t\t\t\t\t<\/div>\n\t\t\t\t<\/div>\n\t\t\t\t<\/div>\n\t\t<div class=\"elementor-element elementor-element-0f6e296 e-flex e-con-boxed e-con e-parent\" data-id=\"0f6e296\" data-element_type=\"container\">\n\t\t\t\t\t<div class=\"e-con-inner\">\n\t\t\t\t<div class=\"elementor-element elementor-element-61c5902 elementor-widget elementor-widget-spacer\" data-id=\"61c5902\" data-element_type=\"widget\" data-widget_type=\"spacer.default\">\n\t\t\t\t<div class=\"elementor-widget-container\">\n\t\t\t\t\t\t\t<div class=\"elementor-spacer\">\n\t\t\t<div class=\"elementor-spacer-inner\"><\/div>\n\t\t<\/div>\n\t\t\t\t\t\t<\/div>\n\t\t\t\t<\/div>\n\t\t\t\t\t<\/div>\n\t\t\t\t<\/div>\n\t\t<div class=\"elementor-element elementor-element-f9d1c5c e-flex e-con-boxed e-con e-parent\" data-id=\"f9d1c5c\" data-element_type=\"container\">\n\t\t\t\t\t<div class=\"e-con-inner\">\n\t\t\t\t<div class=\"elementor-element elementor-element-237e645 elementor-widget elementor-widget-thim-ekits-heading\" data-id=\"237e645\" data-element_type=\"widget\" data-widget_type=\"thim-ekits-heading.default\">\n\t\t\t\t<div class=\"elementor-widget-container\">\n\t\t\t\t\t<div class=\"thim-ekits-heading thim-ekit__heading\"><h3 class=\"title\">Engager une th\u00e9rapie, c\u2019est aller plus loin...<\/h3><p class=\"sub-heading\">La d\u00e9mocratisation du droit au bien-\u00eatre a fait qu\u2019il y a autant de th\u00e9rapies que l\u2019on puisse imaginer. La sph\u00e8re d\u2019intervention d\u2019un th\u00e9rapeute s\u2019est donc de plus en plus \u00e9largie en faveur des nouvelles exigences en croissance constante et dans l\u2019optique de couvrir presque toutes les attentes. <\/br>\nDans le choix de la th\u00e9rapie appropri\u00e9e, on risque parfois de se perdre dans le flou, entre termes scientifiques et tendances bien-\u00eatre qui font la une des m\u00e9dias. <\/br>\nLoin des recettes miracles du bonheur, <strong>consulter un th\u00e9rapeute<\/strong> est tout un processus de qu\u00eate de sens qui s\u2019installe et c\u2019est l\u00e0 o\u00f9 il faut miser sur la th\u00e9rapie qui est faite pour vous.\n<\/p><\/div>\t\t\t\t<\/div>\n\t\t\t\t<\/div>\n\t\t\t\t\t<\/div>\n\t\t\t\t<\/div>\n\t\t<div class=\"elementor-element elementor-element-80fa40a e-flex e-con-boxed e-con e-parent\" data-id=\"80fa40a\" data-element_type=\"container\">\n\t\t\t\t\t<div class=\"e-con-inner\">\n\t\t\t\t<div class=\"elementor-element elementor-element-6dfd4fe elementor-widget elementor-widget-spacer\" data-id=\"6dfd4fe\" data-element_type=\"widget\" data-widget_type=\"spacer.default\">\n\t\t\t\t<div class=\"elementor-widget-container\">\n\t\t\t\t\t\t\t<div class=\"elementor-spacer\">\n\t\t\t<div class=\"elementor-spacer-inner\"><\/div>\n\t\t<\/div>\n\t\t\t\t\t\t<\/div>\n\t\t\t\t<\/div>\n\t\t\t\t\t<\/div>\n\t\t\t\t<\/div>\n\t\t<div class=\"elementor-element elementor-element-c2284e3 e-flex e-con-boxed e-con e-parent\" data-id=\"c2284e3\" data-element_type=\"container\">\n\t\t\t\t\t<div class=\"e-con-inner\">\n\t\t\t\t<div class=\"elementor-element elementor-element-23750d2 elementor-widget elementor-widget-thim-ekits-heading\" data-id=\"23750d2\" data-element_type=\"widget\" data-widget_type=\"thim-ekits-heading.default\">\n\t\t\t\t<div class=\"elementor-widget-container\">\n\t\t\t\t\t<div class=\"thim-ekits-heading thim-ekit__heading\"><h3 class=\"title\">Tous uniques, \u00e0 chacun sa th\u00e9rapie!<\/h3><p class=\"sub-heading\">Il faut savoir, avant tout, qu\u2019il n\u2019existe absolument pas une bonne ou une mauvaise th\u00e9rapie, mais la question cruciale \u00e0 se poser, c\u2019est comment choisir la th\u00e9rapie qui s\u2019adapte \u00e0 la personne que vous \u00eates et \u00e0 votre contexte de vie. <\/br>\nLa th\u00e9rapie est donc un moyen qui permet d\u2019aller de fa\u00e7on efficace, agile et souple, d\u2019un \u00e9tat pr\u00e9sent \u00e0 un \u00e9tat souhait\u00e9. Elle peut tout autant se r\u00e9inventer ou se d\u00e9velopper pour r\u00e9v\u00e9ler l\u2019authenticit\u00e9 de chacun de mani\u00e8re unique. <\/br>\nLa th\u00e9rapie, dans la promesse d\u2019aller vers un mieux-\u00eatre et de renouer sainement avec soi-m\u00eame et avec l\u2019autre, est en effet un travail en immersion tout au long d\u2019un parcours th\u00e9rapeutique o\u00f9 l\u2019on se lib\u00e8re petit \u00e0 petit de tout ce qui nous ronge dans la vie. <\/br>\nSi certaines th\u00e9rapies vont \u00eatre plus souples visant \u00e0 am\u00e9liorer l\u2019\u00e9tat g\u00e9n\u00e9ral sur le long terme, d\u2019autres sont beaucoup plus chirurgicales et pointues, et ce, en fonction du besoin du patient, de sa situation, de son h\u00e9ritage du pass\u00e9 et de ses \u00e9preuves de vie. <\/br>\nAu-del\u00e0 du contexte propre \u00e0 chacun, une th\u00e9rapie va concr\u00e8tement d\u00e9clencher des prises de conscience et une lib\u00e9ration des blocages et des traumatismes \u00e0 travers un cheminement r\u00e9v\u00e9lateur d\u2019un potentiel extraordinaire dont on n\u2019a pas ou que peu conscience. <\/br>\nD\u00e9couvrons alors, les pistes concr\u00e8tes pour chasser le doute et mieux choisir la th\u00e9rapie qui s\u2019adapte le plus \u00e0 vos besoins !<\/p><\/div>\t\t\t\t<\/div>\n\t\t\t\t<\/div>\n\t\t\t\t\t<\/div>\n\t\t\t\t<\/div>\n\t\t\t\t<\/div>\n\t\t","protected":false},"excerpt":{"rendered":"<p>Hypnoth\u00e9rapie ou th\u00e9rapie de transformation rapide. Quelle th\u00e9rapie choisir ? Entre tabou et clich\u00e9s, la th\u00e9rapie et la sant\u00e9 mentale \u00e9taient autrefois per\u00e7ues comme difficiles d\u2019acc\u00e8s, pour autant de nos jours, certains ne peuvent presque plus s\u2019en passer. En vue [&hellip;]<\/p>\n","protected":false},"author":1,"featured_media":0,"parent":0,"menu_order":0,"comment_status":"closed","ping_status":"closed","template":"","meta":{"footnotes":""},"class_list":["post-17732","page","type-page","status-publish","hentry"],"jetpack_sharing_enabled":true,"_links":{"self":[{"href":"https:\/\/rimtatar.com\/index.php\/wp-json\/wp\/v2\/pages\/17732","targetHints":{"allow":["GET"]}}],"collection":[{"href":"https:\/\/rimtatar.com\/index.php\/wp-json\/wp\/v2\/pages"}],"about":[{"href":"https:\/\/rimtatar.com\/index.php\/wp-json\/wp\/v2\/types\/page"}],"author":[{"embeddable":true,"href":"https:\/\/rimtatar.com\/index.php\/wp-json\/wp\/v2\/users\/1"}],"replies":[{"embeddable":true,"href":"https:\/\/rimtatar.com\/index.php\/wp-json\/wp\/v2\/comments?post=17732"}],"version-history":[{"count":4,"href":"https:\/\/rimtatar.com\/index.php\/wp-json\/wp\/v2\/pages\/17732\/revisions"}],"predecessor-version":[{"id":17738,"href":"https:\/\/rimtatar.com\/index.php\/wp-json\/wp\/v2\/pages\/17732\/revisions\/17738"}],"wp:attachment":[{"href":"https:\/\/rimtatar.com\/index.php\/wp-json\/wp\/v2\/media?parent=17732"}],"curies":[{"name":"wp","href":"https:\/\/api.w.org\/{rel}","templated":true}]}}