{"id":17681,"date":"2025-09-29T12:48:45","date_gmt":"2025-09-29T10:48:45","guid":{"rendered":"https:\/\/rimtatar.com\/?page_id=17681"},"modified":"2025-09-29T14:05:47","modified_gmt":"2025-09-29T12:05:47","slug":"retrouver-sa-confiance-en-soi","status":"publish","type":"page","link":"https:\/\/rimtatar.com\/index.php\/retrouver-sa-confiance-en-soi\/","title":{"rendered":"Retrouver sa confiance en soi"},"content":{"rendered":"\t\t<div data-elementor-type=\"wp-page\" data-elementor-id=\"17681\" class=\"elementor elementor-17681\">\n\t\t\t\t<div class=\"elementor-element elementor-element-5bda4b8 e-flex e-con-boxed e-con e-parent\" data-id=\"5bda4b8\" data-element_type=\"container\">\n\t\t\t\t\t<div class=\"e-con-inner\">\n\t\t\t\t<div class=\"elementor-element elementor-element-f17c24d elementor-widget elementor-widget-spacer\" data-id=\"f17c24d\" data-element_type=\"widget\" data-widget_type=\"spacer.default\">\n\t\t\t\t<div class=\"elementor-widget-container\">\n\t\t\t\t\t\t\t<div class=\"elementor-spacer\">\n\t\t\t<div class=\"elementor-spacer-inner\"><\/div>\n\t\t<\/div>\n\t\t\t\t\t\t<\/div>\n\t\t\t\t<\/div>\n\t\t\t\t\t<\/div>\n\t\t\t\t<\/div>\n\t\t<div class=\"elementor-element elementor-element-8f236b7 e-flex e-con-boxed e-con e-parent\" data-id=\"8f236b7\" data-element_type=\"container\">\n\t\t\t\t\t<div class=\"e-con-inner\">\n\t\t\t\t<div class=\"elementor-element elementor-element-eedad7c elementor-widget elementor-widget-image\" data-id=\"eedad7c\" data-element_type=\"widget\" data-widget_type=\"image.default\">\n\t\t\t\t<div class=\"elementor-widget-container\">\n\t\t\t\t\t\t\t\t\t\t\t\t\t\t\t<img fetchpriority=\"high\" decoding=\"async\" width=\"640\" height=\"427\" src=\"https:\/\/rimtatar.com\/wp-content\/uploads\/2025\/09\/confiance-en-soi-scaled-1-1024x683.jpg\" class=\"attachment-large size-large wp-image-17683\" alt=\"\" srcset=\"https:\/\/rimtatar.com\/wp-content\/uploads\/2025\/09\/confiance-en-soi-scaled-1-1024x683.jpg 1024w, https:\/\/rimtatar.com\/wp-content\/uploads\/2025\/09\/confiance-en-soi-scaled-1-300x200.jpg 300w, https:\/\/rimtatar.com\/wp-content\/uploads\/2025\/09\/confiance-en-soi-scaled-1-768x512.jpg 768w, https:\/\/rimtatar.com\/wp-content\/uploads\/2025\/09\/confiance-en-soi-scaled-1-1536x1024.jpg 1536w, https:\/\/rimtatar.com\/wp-content\/uploads\/2025\/09\/confiance-en-soi-scaled-1-2048x1366.jpg 2048w, https:\/\/rimtatar.com\/wp-content\/uploads\/2025\/09\/confiance-en-soi-scaled-1-600x400.jpg 600w\" sizes=\"(max-width: 640px) 100vw, 640px\" \/>\t\t\t\t\t\t\t\t\t\t\t\t\t\t\t<\/div>\n\t\t\t\t<\/div>\n\t\t\t\t\t<\/div>\n\t\t\t\t<\/div>\n\t\t<div class=\"elementor-element elementor-element-c547e75 e-flex e-con-boxed e-con e-parent\" data-id=\"c547e75\" data-element_type=\"container\">\n\t\t\t\t\t<div class=\"e-con-inner\">\n\t\t\t\t<div class=\"elementor-element elementor-element-35b1b24 elementor-widget elementor-widget-spacer\" data-id=\"35b1b24\" data-element_type=\"widget\" data-widget_type=\"spacer.default\">\n\t\t\t\t<div class=\"elementor-widget-container\">\n\t\t\t\t\t\t\t<div class=\"elementor-spacer\">\n\t\t\t<div class=\"elementor-spacer-inner\"><\/div>\n\t\t<\/div>\n\t\t\t\t\t\t<\/div>\n\t\t\t\t<\/div>\n\t\t\t\t\t<\/div>\n\t\t\t\t<\/div>\n\t\t<div class=\"elementor-element elementor-element-1ae4f1f e-flex e-con-boxed e-con e-parent\" data-id=\"1ae4f1f\" data-element_type=\"container\">\n\t\t\t\t\t<div class=\"e-con-inner\">\n\t\t\t\t<div class=\"elementor-element elementor-element-17168e5 elementor-widget elementor-widget-thim-ekits-heading\" data-id=\"17168e5\" data-element_type=\"widget\" data-widget_type=\"thim-ekits-heading.default\">\n\t\t\t\t<div class=\"elementor-widget-container\">\n\t\t\t\t\t<div class=\"thim-ekits-heading thim-ekit__heading\"><h3 class=\"title\">Retrouver sa confiance en soi : le guide en 4 \u00e9tapes pour booster l\u2019estime et l\u2019amour de vous-m\u00eame<\/h3><p class=\"sub-heading\">La confiance en soi est un des premiers piliers pour \u00eatre bien dans sa vie, bien dans sa peau et pour construire des relations saines avec soi-m\u00eame et avec les autres. <\/br>\nCompos\u00e9e de diff\u00e9rents \u00e9l\u00e9ments principaux dont l\u2019amour inconditionnel de soi, la confiance en soi est ce qui construit le rapport d\u2019une personne au monde. Elle permet m\u00eame de d\u00e9finir sa place dans son environnement social. <\/br>\nSi la confiance en soi n\u2019est pas inn\u00e9e, c\u2019est parce qu\u2019elle est conditionn\u00e9e en premier lieu par la s\u00e9curit\u00e9 affective qu\u2019on a re\u00e7ue pendant l\u2019enfance. Et tout comme chaque aspect de la vie, elle est marqu\u00e9e par des hauts et des bas qui la traversent, la renforcent, la bousculent, la d\u00e9stabilisent ou la r\u00e9parent parfois. <\/br>\n\u00catre capable de s\u2019affirmer et de s\u2019exprimer en tant qu\u2019\u00eatre \u00e0 part enti\u00e8re passe avant tout par une confiance en soi solide et bien construite. <\/br>\nCependant, un manque ou un d\u00e9s\u00e9quilibre de l\u2019estime de soi est un r\u00e9el obstacle qui emp\u00eache la personne de s\u2019\u00e9panouir. <\/br>\nLa bonne nouvelle, c\u2019est que la confiance en soi peut \u00eatre restaur\u00e9e \u00e0 tout moment au cours d\u2019une vie. Le bien-\u00eatre et la paix int\u00e9rieure qui en r\u00e9sultent sont \u00e9galement accessibles \u00e0 tout le monde \u00e0 condition de travailler son estime de soi. La souffrance li\u00e9e au d\u00e9samour ou au regard que l\u2019on porte vers soi peut facilement \u00eatre transform\u00e9e par la th\u00e9rapie. Celle-ci vise principalement \u00e0 traiter le probl\u00e8me \u00e0 la source et \u00e0 cultiver une estime et un regard positif port\u00e9 vers soi-m\u00eame. <\/br>\nD\u00e9cryptons ensemble les quatre cl\u00e9s essentielles pour \u00eatre plus confiant et booster l\u2019estime de soi. <\/br><\/p><\/div>\t\t\t\t<\/div>\n\t\t\t\t<\/div>\n\t\t\t\t\t<\/div>\n\t\t\t\t<\/div>\n\t\t<div class=\"elementor-element elementor-element-c9d8b7f e-flex e-con-boxed e-con e-parent\" data-id=\"c9d8b7f\" data-element_type=\"container\">\n\t\t\t\t\t<div class=\"e-con-inner\">\n\t\t\t\t<div class=\"elementor-element elementor-element-84fbc11 elementor-widget elementor-widget-spacer\" data-id=\"84fbc11\" data-element_type=\"widget\" data-widget_type=\"spacer.default\">\n\t\t\t\t<div class=\"elementor-widget-container\">\n\t\t\t\t\t\t\t<div class=\"elementor-spacer\">\n\t\t\t<div class=\"elementor-spacer-inner\"><\/div>\n\t\t<\/div>\n\t\t\t\t\t\t<\/div>\n\t\t\t\t<\/div>\n\t\t\t\t\t<\/div>\n\t\t\t\t<\/div>\n\t\t<div class=\"elementor-element elementor-element-e367a34 e-con-full e-flex e-con e-parent\" data-id=\"e367a34\" data-element_type=\"container\" data-settings=\"{&quot;background_background&quot;:&quot;classic&quot;}\">\n\t\t\t\t<div class=\"elementor-element elementor-element-ca77b4d elementor-widget elementor-widget-spacer\" data-id=\"ca77b4d\" data-element_type=\"widget\" data-widget_type=\"spacer.default\">\n\t\t\t\t<div class=\"elementor-widget-container\">\n\t\t\t\t\t\t\t<div class=\"elementor-spacer\">\n\t\t\t<div class=\"elementor-spacer-inner\"><\/div>\n\t\t<\/div>\n\t\t\t\t\t\t<\/div>\n\t\t\t\t<\/div>\n\t\t\t\t<div class=\"elementor-element elementor-element-7e100f4 elementor-widget elementor-widget-thim-ekits-heading\" data-id=\"7e100f4\" data-element_type=\"widget\" data-widget_type=\"thim-ekits-heading.default\">\n\t\t\t\t<div class=\"elementor-widget-container\">\n\t\t\t\t\t<div class=\"thim-ekits-heading thim-ekit__heading\"><h3 class=\"title\">D\u00e9couvrez la th\u00e9rapie \"Le chemin vers Soi\"<\/h3><p class=\"sub-heading\">Une th\u00e9rapie qui vise \u00e0 se r\u00e9concilier avec soi-m\u00eame<\/p><\/div>\t\t\t\t<\/div>\n\t\t\t\t<\/div>\n\t\t\t\t<div class=\"elementor-element elementor-element-0b6f0c2 elementor-widget elementor-widget-thim-ekits-button\" data-id=\"0b6f0c2\" data-element_type=\"widget\" data-widget_type=\"thim-ekits-button.default\">\n\t\t\t\t<div class=\"elementor-widget-container\">\n\t\t\t\t\t\n\t\t<div class=\"thim-ekits-button\">\n\t\t\t<a href=\"https:\/\/rimtatar.com\/index.php\/start-now\/\" role=\"button\">\n\t\t\t\t<span class=\"button-content-wrapper\">\n\t\t\t\t\tBuy Therapy\t\t\t\t<\/span>\n\t\t\t<\/a>\n\t\t<\/div>\n\n\t\t\t\t\t\t<\/div>\n\t\t\t\t<\/div>\n\t\t\t\t<\/div>\n\t\t<div class=\"elementor-element elementor-element-90589f1 e-flex e-con-boxed e-con e-parent\" data-id=\"90589f1\" data-element_type=\"container\">\n\t\t\t\t\t<div class=\"e-con-inner\">\n\t\t\t\t<div class=\"elementor-element elementor-element-56ab936 elementor-widget elementor-widget-spacer\" data-id=\"56ab936\" data-element_type=\"widget\" data-widget_type=\"spacer.default\">\n\t\t\t\t<div class=\"elementor-widget-container\">\n\t\t\t\t\t\t\t<div class=\"elementor-spacer\">\n\t\t\t<div class=\"elementor-spacer-inner\"><\/div>\n\t\t<\/div>\n\t\t\t\t\t\t<\/div>\n\t\t\t\t<\/div>\n\t\t\t\t\t<\/div>\n\t\t\t\t<\/div>\n\t\t<div class=\"elementor-element elementor-element-51a5dbc e-flex e-con-boxed e-con e-parent\" data-id=\"51a5dbc\" data-element_type=\"container\">\n\t\t\t\t\t<div class=\"e-con-inner\">\n\t\t\t\t<div class=\"elementor-element elementor-element-1787146 elementor-widget elementor-widget-thim-ekits-heading\" data-id=\"1787146\" data-element_type=\"widget\" data-widget_type=\"thim-ekits-heading.default\">\n\t\t\t\t<div class=\"elementor-widget-container\">\n\t\t\t\t\t<div class=\"thim-ekits-heading thim-ekit__heading\"><h3 class=\"title\">R\u00e9apprendre l'amour de soi : retrouver son bien-\u00eatre gr\u00e2ce \u00e0 une confiance en soi solide<\/h3><p class=\"sub-heading\">Trouver une stabilit\u00e9 personnelle dans la fa\u00e7on dont on construit notre rapport \u00e0 nous-m\u00eames n\u2019est pas toujours simple. En vue des \u00e9preuves de la vie, on constate des r\u00e9gressions de l\u2019amour-propre et de l\u2019estime de soi surtout suite \u00e0 un terrain parental d\u00e9favorable o\u00f9 le m\u00e9pris de soi est une devise du quotidien. <\/br>\nUne enfance difficile, des parents absents ou m\u00eame un traumatisme de l\u2019enfance sont tr\u00e8s souvent les causes principales du d\u00e9samour et du m\u00e9pris de soi-m\u00eame. <\/br>\n\u00c9tant victime d\u2019une faille narcissique, r\u00e9tablir une estime de soi saine et \u00e9quilibrer s\u2019av\u00e8re un d\u00e9fi difficile. <\/br>\nUne personne qui n\u2019arrive pas \u00e0 s\u2019aimer inconditionnellement avec ses d\u00e9fauts et ses qualit\u00e9s a du mal \u00e0 sortir du sch\u00e9ma de l\u2019auto-jugement. Se retrouvant avec un amour de soi fragilis\u00e9, il devient presque impossible de cultiver la confiance en soi. <\/br>\nR\u00e9apprendre \u00e0 s\u2019aimer, c\u2019est tout simplement s\u2019autoriser \u00e0 r\u00e9pondre \u00e0 nos propres attentes et \u00e0 nos propres objectifs en \u00e9tant la priorit\u00e9 de nous-m\u00eames et sans se juger. <\/br>\nEn toutes circonstances, l\u2019objectif principal c\u2019est d\u2019acqu\u00e9rir une autonomie affective et de pouvoir s\u2019affirmer et s\u2019exprimer clairement et sans peur du regard de l\u2019autre. <\/br>\nUn petit pas chaque jour est efficace pour retrouver un sentiment d\u2019efficacit\u00e9 personnelle, m\u00eame \u00e0 petite \u00e9chelle. Et c\u2019est ce qui permet de soigner son estime par des r\u00e9alisations minimes mais stables et constructives. <\/br>\nIl est fondamental de s\u2019appuyer sur l\u2019action pour se sentir utile. C\u2019est un processus extr\u00eamement curateur o\u00f9 agir anime votre motivation et votre force.<\/p><\/div>\t\t\t\t<\/div>\n\t\t\t\t<\/div>\n\t\t\t\t\t<\/div>\n\t\t\t\t<\/div>\n\t\t<div class=\"elementor-element elementor-element-6d5bf81 e-flex e-con-boxed e-con e-parent\" data-id=\"6d5bf81\" data-element_type=\"container\">\n\t\t\t\t\t<div class=\"e-con-inner\">\n\t\t\t\t<div class=\"elementor-element elementor-element-c72be24 elementor-widget elementor-widget-spacer\" data-id=\"c72be24\" data-element_type=\"widget\" data-widget_type=\"spacer.default\">\n\t\t\t\t<div class=\"elementor-widget-container\">\n\t\t\t\t\t\t\t<div class=\"elementor-spacer\">\n\t\t\t<div class=\"elementor-spacer-inner\"><\/div>\n\t\t<\/div>\n\t\t\t\t\t\t<\/div>\n\t\t\t\t<\/div>\n\t\t\t\t\t<\/div>\n\t\t\t\t<\/div>\n\t\t<div class=\"elementor-element elementor-element-f049eff e-flex e-con-boxed e-con e-parent\" data-id=\"f049eff\" data-element_type=\"container\">\n\t\t\t\t\t<div class=\"e-con-inner\">\n\t\t\t\t<div class=\"elementor-element elementor-element-52a8e8d elementor-widget elementor-widget-thim-ekits-heading\" data-id=\"52a8e8d\" data-element_type=\"widget\" data-widget_type=\"thim-ekits-heading.default\">\n\t\t\t\t<div class=\"elementor-widget-container\">\n\t\t\t\t\t<div class=\"thim-ekits-heading thim-ekit__heading\"><h3 class=\"title\">Apprendre \u00e0 dire non, respecter ses besoins et ne jamais c\u00e9der \u00e0 contrec\u0153ur<\/h3><p class=\"sub-heading\">Arr\u00eater de faire passer les besoins des autres avant les siens est une \u00e9tape importante pour conscientiser le processus de la restauration de la confiance en soi. Il s\u2019agit d\u2019un chemin qui n\u2019est pas toujours simple o\u00f9 on se confronte \u00e0 une grande difficult\u00e9 \u00e0 dire non. Verbaliser le refus de rendre service, d\u2019\u00eatre disponible pour un ami \u00e0 contrec\u0153ur est particuli\u00e8rement dur pour ceux qui manquent d\u2019estime de soi. Cependant, la possibilit\u00e9 de se rattraper et de structurer son comportement selon ses propres envies est toujours possible. Cela s\u2019apprend et la premi\u00e8re cl\u00e9 \u00e0 prendre en consid\u00e9ration pour pouvoir dire un vrai non dans la bienveillance, c\u2019est le temps. Prendre du recul pour r\u00e9fl\u00e9chir avant de r\u00e9pondre \u00e0 votre interlocuteur est d\u00e9j\u00e0 le meilleur outil pour mettre un stop au oui imm\u00e9diat et non r\u00e9fl\u00e9chi. Dire oui \u00e0 tout, m\u00eame contre son gr\u00e9, c\u2019est souvent aliment\u00e9 par une fausse culpabilit\u00e9 parce que vous avez eu l\u2019habitude de prioriser l\u2019autre. C\u2019est pourquoi, le temps est un facteur important pour prendre du recul et relativiser le besoin de la personne en face et r\u00e9organiser ses priorit\u00e9s.\nRefuser une demande sans se justifier ni se sentir mal \u00e0 l\u2019aise, c\u2019est l\u00e0 o\u00f9 une estime solide peut s\u2019\u00e9riger.<\/p><\/div>\t\t\t\t<\/div>\n\t\t\t\t<\/div>\n\t\t\t\t<div class=\"elementor-element elementor-element-cc91c81 elementor-widget elementor-widget-spacer\" data-id=\"cc91c81\" data-element_type=\"widget\" data-widget_type=\"spacer.default\">\n\t\t\t\t<div class=\"elementor-widget-container\">\n\t\t\t\t\t\t\t<div class=\"elementor-spacer\">\n\t\t\t<div class=\"elementor-spacer-inner\"><\/div>\n\t\t<\/div>\n\t\t\t\t\t\t<\/div>\n\t\t\t\t<\/div>\n\t\t\t\t\t<\/div>\n\t\t\t\t<\/div>\n\t\t<div class=\"elementor-element elementor-element-3a04758 e-flex e-con-boxed e-con e-parent\" data-id=\"3a04758\" data-element_type=\"container\">\n\t\t\t\t\t<div class=\"e-con-inner\">\n\t\t\t\t<div class=\"elementor-element elementor-element-860d836 elementor-widget elementor-widget-thim-ekits-heading\" data-id=\"860d836\" data-element_type=\"widget\" data-widget_type=\"thim-ekits-heading.default\">\n\t\t\t\t<div class=\"elementor-widget-container\">\n\t\t\t\t\t<div class=\"thim-ekits-heading thim-ekit__heading\"><h3 class=\"title\">Confiance en soi et la bienveillance collective<\/h3><p class=\"sub-heading\">La confiance en soi se base tr\u00e8s souvent sur un ego sollicit\u00e9 aupr\u00e8s des autres ou dans certains cas, sur une comparaison d\u00e9favorable \u00e0 autrui. La soci\u00e9t\u00e9 moderne invite chacun \u00e0 se valoriser afin de nourrir le regard positif de l\u2019autre. <\/br>\nPlut\u00f4t que d\u2019\u00eatre index\u00e9e sur notre propre jugement et nos propres valeurs, la confiance en soi trouve de nos jours ses fondements dans des crit\u00e8res sociaux impos\u00e9s. <\/br>\nCr\u00e9er une connexion saine et \u00e9quilibr\u00e9e avec les autres, est un moyen efficace pour retrouver confiance en soi. Des liens \u00e9quilibr\u00e9s fond\u00e9s sur l\u2019entraide et la valorisation de l\u2019apport de chacun sont un facteur principal dans la construction d\u2019une image positive de soi. <\/br>\nS\u2019entourer de bienveillance est le meilleur cadeau que l\u2019on puisse s\u2019offrir. <\/br>\nC\u2019est toujours important de faire le tri dans son entourage et de n\u2019en garder que des liens de qualit\u00e9. Ceux-ci offrent un appui moral et un soutien consid\u00e9rable pour la confiance en soi. <\/br><\/p><\/div>\t\t\t\t<\/div>\n\t\t\t\t<\/div>\n\t\t\t\t\t<\/div>\n\t\t\t\t<\/div>\n\t\t<div class=\"elementor-element elementor-element-070b0e6 e-flex e-con-boxed e-con e-parent\" data-id=\"070b0e6\" data-element_type=\"container\">\n\t\t\t\t\t<div class=\"e-con-inner\">\n\t\t\t\t<div class=\"elementor-element elementor-element-f97edb7 elementor-widget elementor-widget-spacer\" data-id=\"f97edb7\" data-element_type=\"widget\" data-widget_type=\"spacer.default\">\n\t\t\t\t<div class=\"elementor-widget-container\">\n\t\t\t\t\t\t\t<div class=\"elementor-spacer\">\n\t\t\t<div class=\"elementor-spacer-inner\"><\/div>\n\t\t<\/div>\n\t\t\t\t\t\t<\/div>\n\t\t\t\t<\/div>\n\t\t\t\t\t<\/div>\n\t\t\t\t<\/div>\n\t\t<div class=\"elementor-element elementor-element-696d96c e-flex e-con-boxed e-con e-parent\" data-id=\"696d96c\" data-element_type=\"container\">\n\t\t\t\t\t<div class=\"e-con-inner\">\n\t\t\t\t<div class=\"elementor-element elementor-element-ea89e68 elementor-widget elementor-widget-thim-ekits-heading\" data-id=\"ea89e68\" data-element_type=\"widget\" data-widget_type=\"thim-ekits-heading.default\">\n\t\t\t\t<div class=\"elementor-widget-container\">\n\t\t\t\t\t<div class=\"thim-ekits-heading thim-ekit__heading\"><h3 class=\"title\">Valorisez-vous apr\u00e8s chaque succ\u00e8s<\/h3><p class=\"sub-heading\">\u00catre confiant implique de passer \u00e0 l\u2019action et m\u00eame d\u2019oser sortir de sa zone de confort. Mais en m\u00eame temps, il est essentiel de privil\u00e9gier de petits pas solides, calcul\u00e9s et stables pour \u00e9viter toute rechute. Le moindre succ\u00e8s m\u00e9rite d\u2019\u00eatre c\u00e9l\u00e9br\u00e9. Vous avez pleinement le droit de vous f\u00e9liciter en franchissant un nouvel obstacle. Avant de passer \u00e0 de nouveaux objectifs, une fois les anciens atteints, prenez un temps de pause pour mettre en place un syst\u00e8me de r\u00e9compense et vous encourager. On ne peut pas s\u2019attendre que les autres soient bienveillants avec nous que lorsqu\u2019on est nous-m\u00eames bienveillants vis-\u00e0-vis de soi-m\u00eame.<\/p><\/div>\t\t\t\t<\/div>\n\t\t\t\t<\/div>\n\t\t\t\t\t<\/div>\n\t\t\t\t<\/div>\n\t\t<div class=\"elementor-element elementor-element-0982f40 e-flex e-con-boxed e-con e-parent\" data-id=\"0982f40\" data-element_type=\"container\">\n\t\t\t\t\t<div class=\"e-con-inner\">\n\t\t\t\t<div class=\"elementor-element elementor-element-0d13be8 elementor-widget elementor-widget-spacer\" data-id=\"0d13be8\" data-element_type=\"widget\" data-widget_type=\"spacer.default\">\n\t\t\t\t<div class=\"elementor-widget-container\">\n\t\t\t\t\t\t\t<div class=\"elementor-spacer\">\n\t\t\t<div class=\"elementor-spacer-inner\"><\/div>\n\t\t<\/div>\n\t\t\t\t\t\t<\/div>\n\t\t\t\t<\/div>\n\t\t\t\t\t<\/div>\n\t\t\t\t<\/div>\n\t\t<div class=\"elementor-element elementor-element-ff1b00d e-con-full e-flex e-con e-parent\" data-id=\"ff1b00d\" data-element_type=\"container\" data-settings=\"{&quot;background_background&quot;:&quot;classic&quot;}\">\n\t\t\t\t<div class=\"elementor-element elementor-element-89b0dba elementor-widget elementor-widget-spacer\" data-id=\"89b0dba\" data-element_type=\"widget\" data-widget_type=\"spacer.default\">\n\t\t\t\t<div class=\"elementor-widget-container\">\n\t\t\t\t\t\t\t<div class=\"elementor-spacer\">\n\t\t\t<div class=\"elementor-spacer-inner\"><\/div>\n\t\t<\/div>\n\t\t\t\t\t\t<\/div>\n\t\t\t\t<\/div>\n\t\t\t\t<div class=\"elementor-element elementor-element-bcc1dd9 elementor-widget elementor-widget-thim-ekits-heading\" data-id=\"bcc1dd9\" data-element_type=\"widget\" data-widget_type=\"thim-ekits-heading.default\">\n\t\t\t\t<div class=\"elementor-widget-container\">\n\t\t\t\t\t<div class=\"thim-ekits-heading thim-ekit__heading\"><h3 class=\"title\">D\u00e9couvrez mes s\u00e9ances de coaching th\u00e9rapeutique<\/h3><p class=\"sub-heading\">R\u00e9servez votre s\u00e9ance de th\u00e9rapie sur mesure ! <\/p><\/div>\t\t\t\t<\/div>\n\t\t\t\t<\/div>\n\t\t\t\t<div class=\"elementor-element elementor-element-c12efaf elementor-widget elementor-widget-thim-ekits-button\" data-id=\"c12efaf\" data-element_type=\"widget\" data-widget_type=\"thim-ekits-button.default\">\n\t\t\t\t<div class=\"elementor-widget-container\">\n\t\t\t\t\t\n\t\t<div class=\"thim-ekits-button\">\n\t\t\t<a href=\"https:\/\/rimtatar.com\/index.php\/start-now\/\" role=\"button\">\n\t\t\t\t<span class=\"button-content-wrapper\">\n\t\t\t\t\tBuy Therapy\t\t\t\t<\/span>\n\t\t\t<\/a>\n\t\t<\/div>\n\n\t\t\t\t\t\t<\/div>\n\t\t\t\t<\/div>\n\t\t\t\t<\/div>\n\t\t\t\t<\/div>\n\t\t","protected":false},"excerpt":{"rendered":"<p>Retrouver sa confiance en soi : le guide en 4 \u00e9tapes pour booster l\u2019estime et l\u2019amour de vous-m\u00eame La confiance en soi est un des premiers piliers pour \u00eatre bien dans sa vie, bien dans sa peau et pour construire [&hellip;]<\/p>\n","protected":false},"author":1,"featured_media":0,"parent":0,"menu_order":0,"comment_status":"closed","ping_status":"closed","template":"","meta":{"footnotes":""},"class_list":["post-17681","page","type-page","status-publish","hentry"],"jetpack_sharing_enabled":true,"_links":{"self":[{"href":"https:\/\/rimtatar.com\/index.php\/wp-json\/wp\/v2\/pages\/17681","targetHints":{"allow":["GET"]}}],"collection":[{"href":"https:\/\/rimtatar.com\/index.php\/wp-json\/wp\/v2\/pages"}],"about":[{"href":"https:\/\/rimtatar.com\/index.php\/wp-json\/wp\/v2\/types\/page"}],"author":[{"embeddable":true,"href":"https:\/\/rimtatar.com\/index.php\/wp-json\/wp\/v2\/users\/1"}],"replies":[{"embeddable":true,"href":"https:\/\/rimtatar.com\/index.php\/wp-json\/wp\/v2\/comments?post=17681"}],"version-history":[{"count":10,"href":"https:\/\/rimtatar.com\/index.php\/wp-json\/wp\/v2\/pages\/17681\/revisions"}],"predecessor-version":[{"id":17693,"href":"https:\/\/rimtatar.com\/index.php\/wp-json\/wp\/v2\/pages\/17681\/revisions\/17693"}],"wp:attachment":[{"href":"https:\/\/rimtatar.com\/index.php\/wp-json\/wp\/v2\/media?parent=17681"}],"curies":[{"name":"wp","href":"https:\/\/api.w.org\/{rel}","templated":true}]}}