{"id":17668,"date":"2025-09-29T12:18:35","date_gmt":"2025-09-29T10:18:35","guid":{"rendered":"https:\/\/rimtatar.com\/?page_id=17668"},"modified":"2025-09-29T12:46:43","modified_gmt":"2025-09-29T10:46:43","slug":"reprogrammer-son-cerveau-en-21-jours-le-pouvoir-de-lhypnose","status":"publish","type":"page","link":"https:\/\/rimtatar.com\/index.php\/reprogrammer-son-cerveau-en-21-jours-le-pouvoir-de-lhypnose\/","title":{"rendered":"Reprogrammer son cerveau en 21 jours : le pouvoir de l\u2019hypnose"},"content":{"rendered":"\t\t<div data-elementor-type=\"wp-page\" data-elementor-id=\"17668\" class=\"elementor elementor-17668\">\n\t\t\t\t<div class=\"elementor-element elementor-element-cd56522 e-flex e-con-boxed e-con e-parent\" data-id=\"cd56522\" data-element_type=\"container\">\n\t\t\t\t\t<div class=\"e-con-inner\">\n\t\t\t\t<div class=\"elementor-element elementor-element-50b76f0 elementor-widget elementor-widget-spacer\" data-id=\"50b76f0\" data-element_type=\"widget\" data-widget_type=\"spacer.default\">\n\t\t\t\t<div class=\"elementor-widget-container\">\n\t\t\t\t\t\t\t<div class=\"elementor-spacer\">\n\t\t\t<div class=\"elementor-spacer-inner\"><\/div>\n\t\t<\/div>\n\t\t\t\t\t\t<\/div>\n\t\t\t\t<\/div>\n\t\t\t\t<div class=\"elementor-element elementor-element-5d0e862 elementor-widget elementor-widget-image\" data-id=\"5d0e862\" data-element_type=\"widget\" data-widget_type=\"image.default\">\n\t\t\t\t<div class=\"elementor-widget-container\">\n\t\t\t\t\t\t\t\t\t\t\t\t\t\t\t<img fetchpriority=\"high\" decoding=\"async\" width=\"640\" height=\"480\" src=\"https:\/\/rimtatar.com\/wp-content\/uploads\/2025\/09\/nouveau-paradigme-reprogemmer-cerveau-1024x768.jpg\" class=\"attachment-large size-large wp-image-17671\" alt=\"\" srcset=\"https:\/\/rimtatar.com\/wp-content\/uploads\/2025\/09\/nouveau-paradigme-reprogemmer-cerveau-1024x768.jpg 1024w, https:\/\/rimtatar.com\/wp-content\/uploads\/2025\/09\/nouveau-paradigme-reprogemmer-cerveau-300x225.jpg 300w, https:\/\/rimtatar.com\/wp-content\/uploads\/2025\/09\/nouveau-paradigme-reprogemmer-cerveau-768x576.jpg 768w, https:\/\/rimtatar.com\/wp-content\/uploads\/2025\/09\/nouveau-paradigme-reprogemmer-cerveau-600x450.jpg 600w, https:\/\/rimtatar.com\/wp-content\/uploads\/2025\/09\/nouveau-paradigme-reprogemmer-cerveau.jpg 1280w\" sizes=\"(max-width: 640px) 100vw, 640px\" \/>\t\t\t\t\t\t\t\t\t\t\t\t\t\t\t<\/div>\n\t\t\t\t<\/div>\n\t\t\t\t\t<\/div>\n\t\t\t\t<\/div>\n\t\t<div class=\"elementor-element elementor-element-6bf7e5a e-flex e-con-boxed e-con e-parent\" data-id=\"6bf7e5a\" data-element_type=\"container\">\n\t\t\t\t\t<div class=\"e-con-inner\">\n\t\t\t\t<div class=\"elementor-element elementor-element-5cf733c elementor-widget elementor-widget-spacer\" data-id=\"5cf733c\" data-element_type=\"widget\" data-widget_type=\"spacer.default\">\n\t\t\t\t<div class=\"elementor-widget-container\">\n\t\t\t\t\t\t\t<div class=\"elementor-spacer\">\n\t\t\t<div class=\"elementor-spacer-inner\"><\/div>\n\t\t<\/div>\n\t\t\t\t\t\t<\/div>\n\t\t\t\t<\/div>\n\t\t\t\t\t<\/div>\n\t\t\t\t<\/div>\n\t\t<div class=\"elementor-element elementor-element-6278e5d e-flex e-con-boxed e-con e-parent\" data-id=\"6278e5d\" data-element_type=\"container\">\n\t\t\t\t\t<div class=\"e-con-inner\">\n\t\t\t\t<div class=\"elementor-element elementor-element-d2e2402 elementor-widget elementor-widget-thim-ekits-heading\" data-id=\"d2e2402\" data-element_type=\"widget\" data-widget_type=\"thim-ekits-heading.default\">\n\t\t\t\t<div class=\"elementor-widget-container\">\n\t\t\t\t\t<div class=\"thim-ekits-heading thim-ekit__heading\"><p class=\"sub-heading\">Nos pens\u00e9es, nos comportements et notre fa\u00e7on de voir les choses sont en partie issus de l\u2019\u00e9ducation et du style d\u2019attachement qu\u2019on a eu enfant. Si certains sont plut\u00f4t positifs et nous aident \u00e0 d\u00e9ployer nos ailes \u00e0 l\u2019\u00e2ge adulte, d\u2019autres ne sont que des m\u00e9canismes inconscients qui nous handicapent et nous privent de jouir pleinement de la vie. Se d\u00e9barrasser de certaines croyances semble parfois difficile, voire impossible, car elles sont bien ancr\u00e9es dans le subconscient. Toutefois, reprogrammer son cerveau gr\u00e2ce \u00e0 l\u2019auto-th\u00e9rapie est accessible \u00e0 tous. L\u2019hypnose est une m\u00e9thode tr\u00e8s r\u00e9pandue offrant des solutions rapides pour accepter facilement le changement radical et surmonter les r\u00e9sistances psychologiques. Que ce soit pour se lib\u00e9rer de l\u2019addiction, pour arr\u00eater les ruminations toxiques ou pour mettre fin aux comportements nocifs, les exercices d\u2019auto-hypnose sont efficaces. Cette th\u00e9rapie permet d\u2019appr\u00e9cier le changement et de d\u00e9couvrir l\u2019incroyable potentiel du cerveau. Au bout de 21 jours seulement, il vous sera possible de reprendre en main votre vie, celle de votre choix. Afin d\u2019assimiler un nouveau comportement ou une nouvelle croyance, il est n\u00e9cessaire de pratiquer cette m\u00e9thode pendant au moins 21 jours cons\u00e9cutifs. Cet intervalle de temps est essentiel pour acc\u00e9der \u00e0 la subconscience et permettre \u00e0 votre cerveau d\u2019\u00e9couter et d\u2019observer le changement souhait\u00e9 avant de l\u2019int\u00e9grer. En effet, gr\u00e2ce \u00e0 la plasticit\u00e9 neuronale, votre cerveau peut int\u00e9grer de nouveaux param\u00e8tres et activer de nouveaux m\u00e9canismes beaucoup plus sains. Sa capacit\u00e9 \u00e0 s\u2019enrichir et \u00e0 se mettre \u00e0 jour, appel\u00e9e la plasticit\u00e9 neuronale, fait toute sa particularit\u00e9.  <\/p><\/div>\t\t\t\t<\/div>\n\t\t\t\t<\/div>\n\t\t\t\t\t<\/div>\n\t\t\t\t<\/div>\n\t\t<div class=\"elementor-element elementor-element-951701c e-flex e-con-boxed e-con e-parent\" data-id=\"951701c\" data-element_type=\"container\">\n\t\t\t\t\t<div class=\"e-con-inner\">\n\t\t\t\t<div class=\"elementor-element elementor-element-857ac9e elementor-widget elementor-widget-spacer\" data-id=\"857ac9e\" data-element_type=\"widget\" data-widget_type=\"spacer.default\">\n\t\t\t\t<div class=\"elementor-widget-container\">\n\t\t\t\t\t\t\t<div class=\"elementor-spacer\">\n\t\t\t<div class=\"elementor-spacer-inner\"><\/div>\n\t\t<\/div>\n\t\t\t\t\t\t<\/div>\n\t\t\t\t<\/div>\n\t\t\t\t\t<\/div>\n\t\t\t\t<\/div>\n\t\t<div class=\"elementor-element elementor-element-0f10a77 e-flex e-con-boxed e-con e-parent\" data-id=\"0f10a77\" data-element_type=\"container\">\n\t\t\t\t\t<div class=\"e-con-inner\">\n\t\t\t\t<div class=\"elementor-element elementor-element-a62504d elementor-widget elementor-widget-thim-ekits-heading\" data-id=\"a62504d\" data-element_type=\"widget\" data-widget_type=\"thim-ekits-heading.default\">\n\t\t\t\t<div class=\"elementor-widget-container\">\n\t\t\t\t\t<div class=\"thim-ekits-heading thim-ekit__heading\"><h3 class=\"title\">Reprogrammer le subconscient avec l\u2019hypnose - Changer de paradigme<\/h3><p class=\"sub-heading\">Le paradigme pr\u00e9sente la totalit\u00e9 des m\u00e9canismes subconscients qui d\u00e9finissent notre perception de la r\u00e9alit\u00e9. C\u2019est de cette mani\u00e8re que notre vision du monde, ainsi que nos pens\u00e9es et points de vue qui orientent notre fa\u00e7on d\u2019agir, prennent sens. Changer notre paradigme s\u2019agit de modifier des valeurs erron\u00e9es, des croyances limitantes et m\u00eame certains souvenirs de nos exp\u00e9riences sociales traumatisantes. <\/br>\nMettre \u00e0 ex\u00e9cution de nouveaux m\u00e9canismes perceptifs et cognitifs n\u00e9cessite un travail sur soi. Pour changer de paradigme, il suffit d\u2019entreprendre une th\u00e9rapie ou un coaching en d\u00e9veloppement personnel. En effet, il est tout \u00e0 fait possible de reprogrammer le subconscient avec l\u2019auto hypnose en y int\u00e9grant des id\u00e9es plut\u00f4t positives. Que l\u2019on souhaite am\u00e9liorer sa confiance en soi, surmonter un deuil ou optimiser sa capacit\u00e9 \u00e0 g\u00e9rer le stress, l\u2019hypnose est une th\u00e9rapie qui permet de d\u00e9samorcer la r\u00e9sistance aux changements. Pour introduire une nouvelle croyance au cerveau, il est n\u00e9cessaire de prendre conscience des r\u00e9sistances au niveau de l\u2019inconscient en premier lieu. Celles-ci ont \u00e9t\u00e9 d\u00e9velopp\u00e9es tout au long de notre exp\u00e9rience de vie, mais gr\u00e2ce \u00e0 l\u2019auto hypnose, on est capable de les d\u00e9passer en seulement 21 jours. <\/br>\nDans l\u2019objectif d\u2019enrayer ses \u00e9motions n\u00e9gatives ou de remplacer ses id\u00e9es erron\u00e9es, un nouveau syst\u00e8me de pens\u00e9es doit \u00eatre mis en place. C\u2019est justement tout l\u2019objet de l\u2019auto hypnose qui vise \u00e0 am\u00e9liorer notre qualit\u00e9 de vie. Au niveau des paroles ou des pens\u00e9es, reformuler de mani\u00e8re continue et en toute bienveillance ce que l\u2019on a et ce que l\u2019on souhaite apprendre, a un effet purement curatif. Cette exp\u00e9rience est v\u00e9cue \u00e0 travers de nombreux exercices d\u2019auto hypnose pendant au moins 21 jours, influence l\u2019inconscient et aide \u00e0 le fa\u00e7onner autrement en y ancrant de nouvelles habitudes. <\/br><\/p><\/div>\t\t\t\t<\/div>\n\t\t\t\t<\/div>\n\t\t\t\t\t<\/div>\n\t\t\t\t<\/div>\n\t\t<div class=\"elementor-element elementor-element-142b84c e-flex e-con-boxed e-con e-parent\" data-id=\"142b84c\" data-element_type=\"container\">\n\t\t\t\t\t<div class=\"e-con-inner\">\n\t\t\t\t<div class=\"elementor-element elementor-element-1e7ba01 elementor-widget elementor-widget-spacer\" data-id=\"1e7ba01\" data-element_type=\"widget\" data-widget_type=\"spacer.default\">\n\t\t\t\t<div class=\"elementor-widget-container\">\n\t\t\t\t\t\t\t<div class=\"elementor-spacer\">\n\t\t\t<div class=\"elementor-spacer-inner\"><\/div>\n\t\t<\/div>\n\t\t\t\t\t\t<\/div>\n\t\t\t\t<\/div>\n\t\t\t\t\t<\/div>\n\t\t\t\t<\/div>\n\t\t<div class=\"elementor-element elementor-element-405bd57 e-con-full e-flex e-con e-parent\" data-id=\"405bd57\" data-element_type=\"container\" data-settings=\"{&quot;background_background&quot;:&quot;classic&quot;}\">\n\t\t\t\t<div class=\"elementor-element elementor-element-2716f12 elementor-widget elementor-widget-spacer\" data-id=\"2716f12\" data-element_type=\"widget\" data-widget_type=\"spacer.default\">\n\t\t\t\t<div class=\"elementor-widget-container\">\n\t\t\t\t\t\t\t<div class=\"elementor-spacer\">\n\t\t\t<div class=\"elementor-spacer-inner\"><\/div>\n\t\t<\/div>\n\t\t\t\t\t\t<\/div>\n\t\t\t\t<\/div>\n\t\t\t\t<div class=\"elementor-element elementor-element-2584d91 elementor-widget elementor-widget-thim-ekits-heading\" data-id=\"2584d91\" data-element_type=\"widget\" data-widget_type=\"thim-ekits-heading.default\">\n\t\t\t\t<div class=\"elementor-widget-container\">\n\t\t\t\t\t<div class=\"thim-ekits-heading thim-ekit__heading\"><h3 class=\"title\">D\u00e9couvrez l' auto-th\u00e9rapie \"Le chemin vers Soi\"<\/h3><p class=\"sub-heading\">21 jours pour se r\u00e9concilier avec soi-m\u00eame et devenir une meilleure version de toi-m\u00eame.<\/p><\/div>\t\t\t\t<\/div>\n\t\t\t\t<\/div>\n\t\t\t\t<div class=\"elementor-element elementor-element-d8b08b3 elementor-widget elementor-widget-thim-ekits-button\" data-id=\"d8b08b3\" data-element_type=\"widget\" data-widget_type=\"thim-ekits-button.default\">\n\t\t\t\t<div class=\"elementor-widget-container\">\n\t\t\t\t\t\n\t\t<div class=\"thim-ekits-button\">\n\t\t\t<a href=\"https:\/\/rimtatar.com\/index.php\/start-now\/\" role=\"button\">\n\t\t\t\t<span class=\"button-content-wrapper\">\n\t\t\t\t\tBuy Therapy\t\t\t\t<\/span>\n\t\t\t<\/a>\n\t\t<\/div>\n\n\t\t\t\t\t\t<\/div>\n\t\t\t\t<\/div>\n\t\t\t\t<\/div>\n\t\t<div class=\"elementor-element elementor-element-e2b756b e-flex e-con-boxed e-con e-parent\" data-id=\"e2b756b\" data-element_type=\"container\">\n\t\t\t\t\t<div class=\"e-con-inner\">\n\t\t\t\t<div class=\"elementor-element elementor-element-87efe48 elementor-widget elementor-widget-spacer\" data-id=\"87efe48\" data-element_type=\"widget\" data-widget_type=\"spacer.default\">\n\t\t\t\t<div class=\"elementor-widget-container\">\n\t\t\t\t\t\t\t<div class=\"elementor-spacer\">\n\t\t\t<div class=\"elementor-spacer-inner\"><\/div>\n\t\t<\/div>\n\t\t\t\t\t\t<\/div>\n\t\t\t\t<\/div>\n\t\t\t\t\t<\/div>\n\t\t\t\t<\/div>\n\t\t<div class=\"elementor-element elementor-element-77816fa e-flex e-con-boxed e-con e-parent\" data-id=\"77816fa\" data-element_type=\"container\">\n\t\t\t\t\t<div class=\"e-con-inner\">\n\t\t\t\t<div class=\"elementor-element elementor-element-b60d993 elementor-widget elementor-widget-thim-ekits-heading\" data-id=\"b60d993\" data-element_type=\"widget\" data-widget_type=\"thim-ekits-heading.default\">\n\t\t\t\t<div class=\"elementor-widget-container\">\n\t\t\t\t\t<div class=\"thim-ekits-heading thim-ekit__heading\"><h3 class=\"title\">Pourquoi il nous faut 21 jours pour reprogrammer le cerveau<\/h3><p class=\"sub-heading\">Reprogrammer son inconscient en 21 jours n\u2019est possible que si l\u2019on est capable de lui faire subir un effort conscient pendant une p\u00e9riode d\u2019au moins trois semaines. Petit \u00e0 petit et gr\u00e2ce \u00e0 l\u2019exercice quotidien, il nous sera possible de mettre en place un rituel vertueux afin de profiter d\u2019une meilleure qualit\u00e9 de vie.  <\/br>\nDe nombreuses recherches scientifiques sont \u00e0 l\u2019origine de cette th\u00e9orie sur le cerveau et notre capacit\u00e9 \u00e0 reprogrammer le subconscient en 21 jours. Les chercheurs en psychologie ont prouv\u00e9 qu\u2019il est possible d\u2019atteindre les habitudes les plus complexes et de les remplacer gr\u00e2ce \u00e0 la plasticit\u00e9 c\u00e9r\u00e9brale. <\/br>\nCe qu\u2019on entend par ce concept des neurosciences, c\u2019est la capacit\u00e9 du syst\u00e8me nerveux \u00e0 se modifier tout au long d\u2019une vie. C\u2019est donc gr\u00e2ce \u00e0 cette logique qu\u2019on agit sur la structure du cerveau et ses connexions nerveuses pour mettre en place un changement radical au niveau de nos comportements. <\/br>\nIl va venir cr\u00e9er un reset sur les anciennes croyances.<\/p><\/div>\t\t\t\t<\/div>\n\t\t\t\t<\/div>\n\t\t\t\t\t<\/div>\n\t\t\t\t<\/div>\n\t\t<div class=\"elementor-element elementor-element-54e4144 e-flex e-con-boxed e-con e-parent\" data-id=\"54e4144\" data-element_type=\"container\">\n\t\t\t\t\t<div class=\"e-con-inner\">\n\t\t\t\t<div class=\"elementor-element elementor-element-8fe2683 elementor-widget elementor-widget-spacer\" data-id=\"8fe2683\" data-element_type=\"widget\" data-widget_type=\"spacer.default\">\n\t\t\t\t<div class=\"elementor-widget-container\">\n\t\t\t\t\t\t\t<div class=\"elementor-spacer\">\n\t\t\t<div class=\"elementor-spacer-inner\"><\/div>\n\t\t<\/div>\n\t\t\t\t\t\t<\/div>\n\t\t\t\t<\/div>\n\t\t\t\t\t<\/div>\n\t\t\t\t<\/div>\n\t\t<div class=\"elementor-element elementor-element-2036aa9 e-flex e-con-boxed e-con e-parent\" data-id=\"2036aa9\" data-element_type=\"container\">\n\t\t\t\t\t<div class=\"e-con-inner\">\n\t\t\t\t<div class=\"elementor-element elementor-element-af68d69 elementor-widget elementor-widget-thim-ekits-heading\" data-id=\"af68d69\" data-element_type=\"widget\" data-widget_type=\"thim-ekits-heading.default\">\n\t\t\t\t<div class=\"elementor-widget-container\">\n\t\t\t\t\t<div class=\"thim-ekits-heading thim-ekit__heading\"><h3 class=\"title\">Exercice d\u2019auto hypnose pour r\u00e9initialiser son cerveau au bout de 21 jours<\/h3><p class=\"sub-heading\">Envie d\u2019un reset mental pour instaurer de nouveaux m\u00e9canismes et vous d\u00e9barrasser des mauvaises habitudes? Vous souhaitez arr\u00eater de fumer et vous d\u00e9faire d\u2019une phobie ou d\u2019une addiction? <\/br>\nRassurez-vous, c\u2019est tout \u00e0 fait possible de retrouver une meilleure version de soi-m\u00eame au bout de 3 petites semaines. La premi\u00e8re r\u00e8gle pour profiter pleinement de cet organe si complexe qui d\u00e9tient toute notre partie inconsciente, qu\u2019est le cerveau, c\u2019est de le reprogrammer. <\/br>\nSi l\u2019on part du principe que le cerveau \u00e9coute, observe et assimile les nouvelles habitudes, la premi\u00e8re \u00e9tape serait de vous fixer un objectif clair, r\u00e9aliste et mesurable dans le temps pour votre programme d\u2019auto-hypnose. \u00catre pr\u00e9cis et honn\u00eate vis-\u00e0-vis de soi est tr\u00e8s important au cours de ce processus. Ensuite, il est n\u00e9cessaire de vous accorder un moment rien que pour pratiquer votre exercice de reprogrammation du cerveau en 21 jours au quotidien. <\/br>\nA cette \u00e9tape, une fois confortablement install\u00e9 avec vous-m\u00eame et totalement isol\u00e9 du bruit, votre cerveau est pr\u00eat \u00e0 int\u00e9grer de nouvelles instructions. Vous pouvez le faire par vous-m\u00eame en reformulant des suggestions courtes et pr\u00e9cises \u00e0 r\u00e9p\u00e9tition. <\/br>\nA chaque fois que vous r\u00e9p\u00e9tez l\u2019instruction, vous augmentez la capacit\u00e9 de votre cerveau \u00e0 l\u2019int\u00e9grer. <\/br>\nPour maximiser le potentiel de votre exercice de reprogrammation du cerveau en 21 jours, il est possible de le pratiquer en vous faisant guider par la voix de votre th\u00e9rapeute. <\/br>\nQuelle que soit la m\u00e9thode choisie, pratiquer l\u2019auto hypnose est une th\u00e9rapie qui fait du bien \u00e0 votre esprit et vous aide clairement \u00e0 atteindre vos objectifs. <\/p><\/div>\t\t\t\t<\/div>\n\t\t\t\t<\/div>\n\t\t\t\t\t<\/div>\n\t\t\t\t<\/div>\n\t\t\t\t<\/div>\n\t\t","protected":false},"excerpt":{"rendered":"<p>Nos pens\u00e9es, nos comportements et notre fa\u00e7on de voir les choses sont en partie issus de l\u2019\u00e9ducation et du style d\u2019attachement qu\u2019on a eu enfant. Si certains sont plut\u00f4t positifs et nous aident \u00e0 d\u00e9ployer nos ailes \u00e0 l\u2019\u00e2ge adulte, [&hellip;]<\/p>\n","protected":false},"author":1,"featured_media":0,"parent":0,"menu_order":0,"comment_status":"closed","ping_status":"closed","template":"","meta":{"footnotes":""},"class_list":["post-17668","page","type-page","status-publish","hentry"],"jetpack_sharing_enabled":true,"_links":{"self":[{"href":"https:\/\/rimtatar.com\/index.php\/wp-json\/wp\/v2\/pages\/17668","targetHints":{"allow":["GET"]}}],"collection":[{"href":"https:\/\/rimtatar.com\/index.php\/wp-json\/wp\/v2\/pages"}],"about":[{"href":"https:\/\/rimtatar.com\/index.php\/wp-json\/wp\/v2\/types\/page"}],"author":[{"embeddable":true,"href":"https:\/\/rimtatar.com\/index.php\/wp-json\/wp\/v2\/users\/1"}],"replies":[{"embeddable":true,"href":"https:\/\/rimtatar.com\/index.php\/wp-json\/wp\/v2\/comments?post=17668"}],"version-history":[{"count":10,"href":"https:\/\/rimtatar.com\/index.php\/wp-json\/wp\/v2\/pages\/17668\/revisions"}],"predecessor-version":[{"id":17680,"href":"https:\/\/rimtatar.com\/index.php\/wp-json\/wp\/v2\/pages\/17668\/revisions\/17680"}],"wp:attachment":[{"href":"https:\/\/rimtatar.com\/index.php\/wp-json\/wp\/v2\/media?parent=17668"}],"curies":[{"name":"wp","href":"https:\/\/api.w.org\/{rel}","templated":true}]}}