{"id":17549,"date":"2025-09-24T16:26:33","date_gmt":"2025-09-24T14:26:33","guid":{"rendered":"https:\/\/rimtatar.com\/?page_id=17549"},"modified":"2025-09-29T12:15:10","modified_gmt":"2025-09-29T10:15:10","slug":"auto-therapie-meilleure-connaissance-de-soi","status":"publish","type":"page","link":"https:\/\/rimtatar.com\/index.php\/auto-therapie-meilleure-connaissance-de-soi\/","title":{"rendered":"Auto Th\u00e9rapie \u2013 Meilleure connaissance de soi"},"content":{"rendered":"\t\t<div data-elementor-type=\"wp-page\" data-elementor-id=\"17549\" class=\"elementor elementor-17549\">\n\t\t\t\t<div class=\"elementor-element elementor-element-8f8d1f6 e-flex e-con-boxed e-con e-parent\" data-id=\"8f8d1f6\" data-element_type=\"container\">\n\t\t\t\t\t<div class=\"e-con-inner\">\n\t\t\t\t<div class=\"elementor-element elementor-element-b60dfb4 elementor-widget elementor-widget-spacer\" data-id=\"b60dfb4\" data-element_type=\"widget\" data-widget_type=\"spacer.default\">\n\t\t\t\t<div class=\"elementor-widget-container\">\n\t\t\t\t\t\t\t<div class=\"elementor-spacer\">\n\t\t\t<div class=\"elementor-spacer-inner\"><\/div>\n\t\t<\/div>\n\t\t\t\t\t\t<\/div>\n\t\t\t\t<\/div>\n\t\t\t\t\t<\/div>\n\t\t\t\t<\/div>\n\t\t<div class=\"elementor-element elementor-element-cb47f98 e-flex e-con-boxed e-con e-parent\" data-id=\"cb47f98\" data-element_type=\"container\">\n\t\t\t\t\t<div class=\"e-con-inner\">\n\t\t\t\t<div class=\"elementor-element elementor-element-b4c06b8 elementor-widget elementor-widget-image\" data-id=\"b4c06b8\" data-element_type=\"widget\" data-widget_type=\"image.default\">\n\t\t\t\t<div class=\"elementor-widget-container\">\n\t\t\t\t\t\t\t\t\t\t\t\t\t\t\t<img fetchpriority=\"high\" decoding=\"async\" width=\"640\" height=\"427\" src=\"https:\/\/rimtatar.com\/wp-content\/uploads\/2025\/09\/pexels-daniel-reche-1556691-1-1024x683.jpg\" class=\"attachment-large size-large wp-image-17634\" alt=\"\" srcset=\"https:\/\/rimtatar.com\/wp-content\/uploads\/2025\/09\/pexels-daniel-reche-1556691-1-1024x683.jpg 1024w, https:\/\/rimtatar.com\/wp-content\/uploads\/2025\/09\/pexels-daniel-reche-1556691-1-300x200.jpg 300w, https:\/\/rimtatar.com\/wp-content\/uploads\/2025\/09\/pexels-daniel-reche-1556691-1-768x512.jpg 768w, https:\/\/rimtatar.com\/wp-content\/uploads\/2025\/09\/pexels-daniel-reche-1556691-1-600x400.jpg 600w, https:\/\/rimtatar.com\/wp-content\/uploads\/2025\/09\/pexels-daniel-reche-1556691-1.jpg 1279w\" sizes=\"(max-width: 640px) 100vw, 640px\" \/>\t\t\t\t\t\t\t\t\t\t\t\t\t\t\t<\/div>\n\t\t\t\t<\/div>\n\t\t\t\t\t<\/div>\n\t\t\t\t<\/div>\n\t\t<div class=\"elementor-element elementor-element-7eb4720 e-flex e-con-boxed e-con e-parent\" data-id=\"7eb4720\" data-element_type=\"container\">\n\t\t\t\t\t<div class=\"e-con-inner\">\n\t\t\t\t<div class=\"elementor-element elementor-element-6d0a605 elementor-widget elementor-widget-spacer\" data-id=\"6d0a605\" data-element_type=\"widget\" data-widget_type=\"spacer.default\">\n\t\t\t\t<div class=\"elementor-widget-container\">\n\t\t\t\t\t\t\t<div class=\"elementor-spacer\">\n\t\t\t<div class=\"elementor-spacer-inner\"><\/div>\n\t\t<\/div>\n\t\t\t\t\t\t<\/div>\n\t\t\t\t<\/div>\n\t\t\t\t\t<\/div>\n\t\t\t\t<\/div>\n\t\t<div class=\"elementor-element elementor-element-3d3a9cd e-flex e-con-boxed e-con e-parent\" data-id=\"3d3a9cd\" data-element_type=\"container\">\n\t\t\t\t\t<div class=\"e-con-inner\">\n\t\t\t\t<div class=\"elementor-element elementor-element-dddff80 elementor-widget elementor-widget-thim-ekits-heading\" data-id=\"dddff80\" data-element_type=\"widget\" data-widget_type=\"thim-ekits-heading.default\">\n\t\t\t\t<div class=\"elementor-widget-container\">\n\t\t\t\t\t<div class=\"thim-ekits-heading thim-ekit__heading\"><h3 class=\"title\">Autoth\u00e9rapie : Une meilleure connaissance de soi<\/h3><p class=\"sub-heading\">La th\u00e9rapie autoguid\u00e9e ou l\u2019auto-th\u00e9rapie est une forme moderne de psychoth\u00e9rapie dont l\u2019objectif principal est de r\u00e9soudre un probl\u00e8me ou de surmonter une situation de vie compliqu\u00e9e. Elle permet d\u2019accompagner le patient tout en gommant les pratiques limitantes li\u00e9es \u00e0 une consultation traditionnelle. <\/br>\nEssentiellement con\u00e7ue pour r\u00e9pondre \u00e0 l\u2019\u00e9volution des besoins et des modes de vie du patient contemporain, elle est rapide, simple et globale. Se soigner par soi-m\u00eame est une fa\u00e7on de r\u00e9volutionner la th\u00e9rapie et de se faire du bien au quotidien. <\/br>\nSon atout majeur est de retrouver une vie meilleure en si peu de temps, d\u2019agir sur les failles, les faiblesses et les blessures que l\u2019on a et de les transformer petit \u00e0 petit en forces pour avancer sereinement dans la vie. \u00c9tant un des piliers majeurs pour retrouver son bien-\u00eatre, la th\u00e9rapie auto guid\u00e9e est une discipline de psychoth\u00e9rapie qui puise sa force dans sa simplicit\u00e9 et son cheminement logique et facile. <\/br>\nElle est accessible \u00e0 tous, d\u2019o\u00f9 le patient prend part dans son chemin th\u00e9rapeutique en \u00e9tant l\u2019acteur principal dans sa qu\u00eate du sens. <\/br>\nAtteindre un \u00e9tat plus \u00e9quilibr\u00e9 et une meilleure version de soi-m\u00eame se fait donc \u00e0 travers un chemin partag\u00e9 o\u00f9 la guidance du th\u00e9rapeute inspire le patient et lui permet de voir la lumi\u00e8re au bout du tunnel.<\/br>\nDans le cadre d\u2019une th\u00e9rapie auto guid\u00e9e, la mission du th\u00e9rapeute est de vous aider \u00e0 acqu\u00e9rir votre autonomie et \u00e0 vous retrouver par vous-m\u00eame. En apprenant sur vous, sur votre histoire et sur les ancrages et les pens\u00e9es limitantes de votre cerveau, vous saurez avancer sans contraintes et \u00e0 votre rythme. <\/br><\/p><\/div>\t\t\t\t<\/div>\n\t\t\t\t<\/div>\n\t\t\t\t\t<\/div>\n\t\t\t\t<\/div>\n\t\t<div class=\"elementor-element elementor-element-8c12d37 e-flex e-con-boxed e-con e-parent\" data-id=\"8c12d37\" data-element_type=\"container\">\n\t\t\t\t\t<div class=\"e-con-inner\">\n\t\t\t\t<div class=\"elementor-element elementor-element-7221417 elementor-widget elementor-widget-spacer\" data-id=\"7221417\" data-element_type=\"widget\" data-widget_type=\"spacer.default\">\n\t\t\t\t<div class=\"elementor-widget-container\">\n\t\t\t\t\t\t\t<div class=\"elementor-spacer\">\n\t\t\t<div class=\"elementor-spacer-inner\"><\/div>\n\t\t<\/div>\n\t\t\t\t\t\t<\/div>\n\t\t\t\t<\/div>\n\t\t\t\t\t<\/div>\n\t\t\t\t<\/div>\n\t\t<div class=\"elementor-element elementor-element-9936118 e-flex e-con-boxed e-con e-parent\" data-id=\"9936118\" data-element_type=\"container\">\n\t\t\t\t\t<div class=\"e-con-inner\">\n\t\t\t\t<div class=\"elementor-element elementor-element-e61586c elementor-widget elementor-widget-thim-ekits-heading\" data-id=\"e61586c\" data-element_type=\"widget\" data-widget_type=\"thim-ekits-heading.default\">\n\t\t\t\t<div class=\"elementor-widget-container\">\n\t\t\t\t\t<div class=\"thim-ekits-heading thim-ekit__heading\"><h3 class=\"title\">Le consensus scientifique de l'auto-th\u00e9rapie<\/h3><p class=\"sub-heading\">M\u00eame si certains doutent encore de l\u2019efficacit\u00e9 des th\u00e9rapies br\u00e8ves en g\u00e9n\u00e9ral et privil\u00e9gient une psychoth\u00e9rapie plus en profondeur qui peut m\u00eame durer plusieurs ann\u00e9es, la th\u00e9rapie guid\u00e9e b\u00e9n\u00e9ficie d\u2019un consensus scientifique tr\u00e8s large. C\u2019est une des th\u00e9rapies les plus mises en \u00e9preuve qui a fait l\u2019objet d\u2019un nombre important d\u2019\u00e9tudes scientifiques partout dans le monde. Examin\u00e9e pendant des ann\u00e9es et ne manquant pas de validation scientifique, cette th\u00e9rapie auto-guid\u00e9e ne cesse de prouver sa puissance par le biais des r\u00e9sultats observ\u00e9s chez les patients. Alors, toute personne voulant absolument atteindre un objectif clairement formul\u00e9,\nretrouvera sa qu\u00eate dans cette approche solutionniste qu\u2019est l\u2019auto-th\u00e9rapie. <\/br>\nC\u2019est une nouvelle mani\u00e8re de voir les probl\u00e8mes humains dans leur contexte et de les r\u00e9soudre efficacement pour sortir du cercle vicieux o\u00f9 la difficult\u00e9 persiste. Hautement appr\u00e9ci\u00e9e pour son aspect strat\u00e9gique, le fait de traiter le probl\u00e8me \u00e0 la source et de changer par des t\u00e2ches ou des exercices th\u00e9rapeutiques, la th\u00e9rapie auto guid\u00e9e ouvre des champs du possibles auxquels on n\u2019a peut-\u00eatre jamais pens\u00e9. Il s\u2019agit vraiment d\u2019une m\u00e9thode d\u2019accompagnement novatrice qui s\u2019introduit au centre du comportement n\u00e9gatif et de la croyance dysfonctionnelle et erron\u00e9e pour les transformer d\u00e9finitivement.<\/p><\/div>\t\t\t\t<\/div>\n\t\t\t\t<\/div>\n\t\t\t\t\t<\/div>\n\t\t\t\t<\/div>\n\t\t<div class=\"elementor-element elementor-element-e75f73c e-flex e-con-boxed e-con e-parent\" data-id=\"e75f73c\" data-element_type=\"container\">\n\t\t\t\t\t<div class=\"e-con-inner\">\n\t\t\t\t<div class=\"elementor-element elementor-element-7d9c74e elementor-widget elementor-widget-spacer\" data-id=\"7d9c74e\" data-element_type=\"widget\" data-widget_type=\"spacer.default\">\n\t\t\t\t<div class=\"elementor-widget-container\">\n\t\t\t\t\t\t\t<div class=\"elementor-spacer\">\n\t\t\t<div class=\"elementor-spacer-inner\"><\/div>\n\t\t<\/div>\n\t\t\t\t\t\t<\/div>\n\t\t\t\t<\/div>\n\t\t\t\t\t<\/div>\n\t\t\t\t<\/div>\n\t\t<div class=\"elementor-element elementor-element-44ee2b7 e-con-full e-flex e-con e-parent\" data-id=\"44ee2b7\" data-element_type=\"container\" data-settings=\"{&quot;background_background&quot;:&quot;classic&quot;}\">\n\t\t\t\t<div class=\"elementor-element elementor-element-aadfe1c elementor-widget elementor-widget-spacer\" data-id=\"aadfe1c\" data-element_type=\"widget\" data-widget_type=\"spacer.default\">\n\t\t\t\t<div class=\"elementor-widget-container\">\n\t\t\t\t\t\t\t<div class=\"elementor-spacer\">\n\t\t\t<div class=\"elementor-spacer-inner\"><\/div>\n\t\t<\/div>\n\t\t\t\t\t\t<\/div>\n\t\t\t\t<\/div>\n\t\t\t\t<div class=\"elementor-element elementor-element-3dd7bfc elementor-widget elementor-widget-thim-ekits-heading\" data-id=\"3dd7bfc\" data-element_type=\"widget\" data-widget_type=\"thim-ekits-heading.default\">\n\t\t\t\t<div class=\"elementor-widget-container\">\n\t\t\t\t\t<div class=\"thim-ekits-heading thim-ekit__heading\"><h3 class=\"title\">Lancez vous dans l'auto th\u00e9rapie \"Le chemin vers Soi\"<\/h3><p class=\"sub-heading\">Une th\u00e9rapie qui vise \u00e0 se r\u00e9concilier avec soi-m\u00eame et apprendre \u00e0 mieux se conna\u00eetre et faire face \u00e0 toutes vos probl\u00e9matiques.<\/p><\/div>\t\t\t\t<\/div>\n\t\t\t\t<\/div>\n\t\t\t\t<div class=\"elementor-element elementor-element-f522897 elementor-widget elementor-widget-thim-ekits-button\" data-id=\"f522897\" data-element_type=\"widget\" data-widget_type=\"thim-ekits-button.default\">\n\t\t\t\t<div class=\"elementor-widget-container\">\n\t\t\t\t\t\n\t\t<div class=\"thim-ekits-button\">\n\t\t\t<a href=\"https:\/\/rimtatar.com\/index.php\/start-now\/\" role=\"button\">\n\t\t\t\t<span class=\"button-content-wrapper\">\n\t\t\t\t\tBuy Therapy\t\t\t\t<\/span>\n\t\t\t<\/a>\n\t\t<\/div>\n\n\t\t\t\t\t\t<\/div>\n\t\t\t\t<\/div>\n\t\t\t\t<\/div>\n\t\t<div class=\"elementor-element elementor-element-31ea31d e-flex e-con-boxed e-con e-parent\" data-id=\"31ea31d\" data-element_type=\"container\">\n\t\t\t\t\t<div class=\"e-con-inner\">\n\t\t\t\t<div class=\"elementor-element elementor-element-9279510 elementor-widget elementor-widget-spacer\" data-id=\"9279510\" data-element_type=\"widget\" data-widget_type=\"spacer.default\">\n\t\t\t\t<div class=\"elementor-widget-container\">\n\t\t\t\t\t\t\t<div class=\"elementor-spacer\">\n\t\t\t<div class=\"elementor-spacer-inner\"><\/div>\n\t\t<\/div>\n\t\t\t\t\t\t<\/div>\n\t\t\t\t<\/div>\n\t\t\t\t\t<\/div>\n\t\t\t\t<\/div>\n\t\t<div class=\"elementor-element elementor-element-291582c e-flex e-con-boxed e-con e-parent\" data-id=\"291582c\" data-element_type=\"container\">\n\t\t\t\t\t<div class=\"e-con-inner\">\n\t\t\t\t<div class=\"elementor-element elementor-element-0a7980e elementor-widget elementor-widget-thim-ekits-heading\" data-id=\"0a7980e\" data-element_type=\"widget\" data-widget_type=\"thim-ekits-heading.default\">\n\t\t\t\t<div class=\"elementor-widget-container\">\n\t\t\t\t\t<div class=\"thim-ekits-heading thim-ekit__heading\"><h3 class=\"title\">Une approche th\u00e9rapeutique radicale, parce que votre temps est pr\u00e9cieux<\/h3><p class=\"sub-heading\">Pour tous ceux qui souhaitent se retrouver, se poser pour reprendre le souffle et se d\u00e9couvrir, la th\u00e9rapie auto guid\u00e9e est une vraie mine d\u2019or au service de l\u2019humain. Une th\u00e9rapie qui valorise vos comp\u00e9tences existantes en vous et dont vous ne vous rendez pas conscience, mais aussi qui respecte vos limites et vos modes de fonctionnement. Le th\u00e9rapeute vous apprend \u00e0 vous surpasser avec bienveillance, mettant en \u0153uvre des outils th\u00e9rapeutiques qui viennent vous donner un coup de pouce et booster votre motivation \u00e0 vous accepter et \u00e0 vous aimer vous-m\u00eame. <\/br>\nAinsi, vos id\u00e9es et vos besoins sont autant respect\u00e9s que l\u2019avis du th\u00e9rapeute qui vous accompagne afin de lever les obstacles qui emp\u00eachaient votre processus tout \u00e0 fait naturel de gu\u00e9rison. <\/br>\nLa th\u00e9rapie auto guid\u00e9e vous propose d\u2019acqu\u00e9rir un mieux \u00eatre g\u00e9n\u00e9ral quelle que soit votre raison de consulter. Une d\u00e9pression, un burn-out, un stress, un traumatisme de vie, des troubles obsessionnels compulsifs, une addiction ou des troubles alimentaires, la liste est longue, en effet, l\u2019auto th\u00e9rapie couvre tous les aspects et les sources de votre mal-\u00eatre.\nDu moment o\u00f9 le patient prend conscience de sa situation et souhaite s\u2019en sortir, le th\u00e9rapeute est capable de le s\u00e9curiser et de lui permettre de se r\u00e9v\u00e9ler, d\u2019avancer et de se d\u00e9barrasser de certains sympt\u00f4mes handicapants. <\/br>\nDonc, le patient ne subit pas la th\u00e9rapie en r\u00e9alit\u00e9, mais plut\u00f4t, il la vit pleinement et la pratique en s\u2019inspirant du savoir et des guidances de son th\u00e9rapeute.<\/p><\/div>\t\t\t\t<\/div>\n\t\t\t\t<\/div>\n\t\t\t\t\t<\/div>\n\t\t\t\t<\/div>\n\t\t<div class=\"elementor-element elementor-element-58251b5 e-flex e-con-boxed e-con e-parent\" data-id=\"58251b5\" data-element_type=\"container\">\n\t\t\t\t\t<div class=\"e-con-inner\">\n\t\t\t\t<div class=\"elementor-element elementor-element-5d99d3f elementor-widget elementor-widget-spacer\" data-id=\"5d99d3f\" data-element_type=\"widget\" data-widget_type=\"spacer.default\">\n\t\t\t\t<div class=\"elementor-widget-container\">\n\t\t\t\t\t\t\t<div class=\"elementor-spacer\">\n\t\t\t<div class=\"elementor-spacer-inner\"><\/div>\n\t\t<\/div>\n\t\t\t\t\t\t<\/div>\n\t\t\t\t<\/div>\n\t\t\t\t\t<\/div>\n\t\t\t\t<\/div>\n\t\t<div class=\"elementor-element elementor-element-7f81dad e-flex e-con-boxed e-con e-parent\" data-id=\"7f81dad\" data-element_type=\"container\">\n\t\t\t\t\t<div class=\"e-con-inner\">\n\t\t\t\t<div class=\"elementor-element elementor-element-6cd7576 elementor-widget elementor-widget-thim-ekits-heading\" data-id=\"6cd7576\" data-element_type=\"widget\" data-widget_type=\"thim-ekits-heading.default\">\n\t\t\t\t<div class=\"elementor-widget-container\">\n\t\t\t\t\t<div class=\"thim-ekits-heading thim-ekit__heading\"><h3 class=\"title\">Se faire un cadeau de vie avec l\u2019auto-th\u00e9rapie, le bien-\u00eatre c\u2019est vous qui le d\u00e9cidez<\/h3><p class=\"sub-heading\">Le point fondamental sur lequel repose la th\u00e9rapie auto guid\u00e9e, c\u2019est la qualit\u00e9 de la relation patient\/ th\u00e9rapeute. <\/br>\nLa mission de votre th\u00e9rapeute est de vous aider \u00e0 comprendre, \u00e0 prendre conscience et \u00e0 exp\u00e9rimenter pas \u00e0 pas les changements afin de r\u00e9soudre concr\u00e8tement votre probl\u00e8me aujourd\u2019hui.<\/br>\nIl s\u2019agit d\u2019un lien fond\u00e9 sur l\u2019\u00e9change et l\u2019apprentissage et c\u2019est ce qui permet de se sentir soutenu pour surmonter les \u00e9preuves de la vie, m\u00eame les plus insupportables, comme un deuil difficile, un divorce compliqu\u00e9 ou une difficult\u00e9 de sant\u00e9 physique.<\/br>\nLes objectifs petits, clairs et atteignables mis au point d\u00e8s le premier entretien avec votre th\u00e9rapeute serviront de feuille de route pour l\u2019\u00e9volution souhait\u00e9e au niveau relationnel, professionnel ou amoureux.<\/br>\nCela ne veut absolument pas dire que la r\u00e9flexion sur les racines profondes des probl\u00e8mes est n\u00e9glig\u00e9e lors du processus de gu\u00e9rison, mais elle est plut\u00f4t orient\u00e9e solution dans une approche pragmatique pour un r\u00e9sultat id\u00e9al \u00e0 court terme. <\/br>\nConstruire de nouvelles fondations de votre propre autonomie pour \u00eatre mieux avec vous-m\u00eame et mieux avec l\u2019autre, \u00e7a passe par l\u2019auto th\u00e9rapie. <\/br>\nSoin, \u00e9coute et guidance vous sont offerts sans limites par votre th\u00e9rapeute, pour vous lib\u00e9rer rapidement des \u00e9motions envahissantes, pour passer \u00e0 l\u2019action dans l\u2019imm\u00e9diat, car tout simplement, vous n\u2019\u00eates pas pr\u00e9destin\u00e9 ou condamn\u00e9 \u00e0 souffrir et vous m\u00e9ritez comme chacun de vous \u00e9panouir. <\/br><\/p><\/div>\t\t\t\t<\/div>\n\t\t\t\t<\/div>\n\t\t\t\t\t<\/div>\n\t\t\t\t<\/div>\n\t\t\t\t<\/div>\n\t\t","protected":false},"excerpt":{"rendered":"<p>Autoth\u00e9rapie : Une meilleure connaissance de soi La th\u00e9rapie autoguid\u00e9e ou l\u2019auto-th\u00e9rapie est une forme moderne de psychoth\u00e9rapie dont l\u2019objectif principal est de r\u00e9soudre un probl\u00e8me ou de surmonter une situation de vie compliqu\u00e9e. Elle permet d\u2019accompagner le patient tout [&hellip;]<\/p>\n","protected":false},"author":1,"featured_media":0,"parent":0,"menu_order":0,"comment_status":"closed","ping_status":"closed","template":"","meta":{"footnotes":""},"class_list":["post-17549","page","type-page","status-publish","hentry"],"jetpack_sharing_enabled":true,"_links":{"self":[{"href":"https:\/\/rimtatar.com\/index.php\/wp-json\/wp\/v2\/pages\/17549","targetHints":{"allow":["GET"]}}],"collection":[{"href":"https:\/\/rimtatar.com\/index.php\/wp-json\/wp\/v2\/pages"}],"about":[{"href":"https:\/\/rimtatar.com\/index.php\/wp-json\/wp\/v2\/types\/page"}],"author":[{"embeddable":true,"href":"https:\/\/rimtatar.com\/index.php\/wp-json\/wp\/v2\/users\/1"}],"replies":[{"embeddable":true,"href":"https:\/\/rimtatar.com\/index.php\/wp-json\/wp\/v2\/comments?post=17549"}],"version-history":[{"count":31,"href":"https:\/\/rimtatar.com\/index.php\/wp-json\/wp\/v2\/pages\/17549\/revisions"}],"predecessor-version":[{"id":17667,"href":"https:\/\/rimtatar.com\/index.php\/wp-json\/wp\/v2\/pages\/17549\/revisions\/17667"}],"wp:attachment":[{"href":"https:\/\/rimtatar.com\/index.php\/wp-json\/wp\/v2\/media?parent=17549"}],"curies":[{"name":"wp","href":"https:\/\/api.w.org\/{rel}","templated":true}]}}