{"id":17508,"date":"2025-09-24T16:07:04","date_gmt":"2025-09-24T14:07:04","guid":{"rendered":"https:\/\/rimtatar.com\/?page_id=17508"},"modified":"2026-02-09T09:18:28","modified_gmt":"2026-02-09T08:18:28","slug":"start-now","status":"publish","type":"page","link":"https:\/\/rimtatar.com\/index.php\/start-now\/","title":{"rendered":"My Therapy Sessions"},"content":{"rendered":"\t\t<div data-elementor-type=\"wp-page\" data-elementor-id=\"17508\" class=\"elementor elementor-17508\">\n\t\t\t\t<div class=\"elementor-element elementor-element-54bf552 e-flex e-con-boxed e-con e-parent\" data-id=\"54bf552\" data-element_type=\"container\">\n\t\t\t\t\t<div class=\"e-con-inner\">\n\t\t\t\t<div class=\"elementor-element elementor-element-600cd29 elementor-widget elementor-widget-thim-ekits-heading\" data-id=\"600cd29\" data-element_type=\"widget\" data-widget_type=\"thim-ekits-heading.default\">\n\t\t\t\t<div class=\"elementor-widget-container\">\n\t\t\t\t\t<div class=\"thim-ekits-heading thim-ekit__heading\"><h3 class=\"title\">The path to my inner self<\/h3><p class=\"sub-heading\">To Find Myself is an online therapy program consisting of 21 sessions divided into 3 parts. You can purchase all of them at once by clicking \u2018Add to Cart\u2019. Alternatively, you can choose to buy the first part, which includes the first 3 sessions, initially, and purchase the rest at a later time.<\/p><\/div>\t\t\t\t<\/div>\n\t\t\t\t<\/div>\n\t\t\t\t\t<\/div>\n\t\t\t\t<\/div>\n\t\t<div class=\"elementor-element elementor-element-e1fd53f e-flex e-con-boxed e-con e-parent\" data-id=\"e1fd53f\" data-element_type=\"container\">\n\t\t\t\t\t<div class=\"e-con-inner\">\n\t\t\t\t<div class=\"elementor-element elementor-element-7c7f38f elementor-widget elementor-widget-spacer\" data-id=\"7c7f38f\" data-element_type=\"widget\" data-widget_type=\"spacer.default\">\n\t\t\t\t<div class=\"elementor-widget-container\">\n\t\t\t\t\t\t\t<div class=\"elementor-spacer\">\n\t\t\t<div class=\"elementor-spacer-inner\"><\/div>\n\t\t<\/div>\n\t\t\t\t\t\t<\/div>\n\t\t\t\t<\/div>\n\t\t\t\t\t<\/div>\n\t\t\t\t<\/div>\n\t\t<div class=\"elementor-element elementor-element-91e67a1 e-flex e-con-boxed e-con e-parent\" data-id=\"91e67a1\" data-element_type=\"container\">\n\t\t\t\t\t<div class=\"e-con-inner\">\n\t\t\t\t<div class=\"elementor-element elementor-element-c477612 elementor-widget elementor-widget-thim-ekits-list-product\" data-id=\"c477612\" data-element_type=\"widget\" data-widget_type=\"thim-ekits-list-product.default\">\n\t\t\t\t<div class=\"elementor-widget-container\">\n\t\t\t\t\t\t\t\t<div class=\"thim-ekits-product woocommerce\">\n\t\t\t\t<div class=\"thim-ekits-product__inner\">\n\t\t\t\t\t\t\t\t\t\t\t<div class=\"thim-ekits-product__item product type-product post-17742 status-publish first instock product_cat-therapy has-post-thumbnail taxable shipping-taxable purchasable product-type-simple\">\n\t\t\t\t\t\t\t<a href=\"https:\/\/rimtatar.com\/index.php\/produit\/part-1-revelation\/\" class=\"woocommerce-LoopProduct-link woocommerce-loop-product__link\">\n<div class=\"list-sale-flash\"><\/div><img fetchpriority=\"high\" decoding=\"async\" width=\"300\" height=\"300\" src=\"https:\/\/rimtatar.com\/wp-content\/uploads\/2025\/09\/Therapie-cognitivo-comportementale--300x300.jpg\" class=\"attachment-woocommerce_thumbnail size-woocommerce_thumbnail\" alt=\"Part 1: Revelation\" srcset=\"https:\/\/rimtatar.com\/wp-content\/uploads\/2025\/09\/Therapie-cognitivo-comportementale--300x300.jpg 300w, https:\/\/rimtatar.com\/wp-content\/uploads\/2025\/09\/Therapie-cognitivo-comportementale--150x150.jpg 150w, https:\/\/rimtatar.com\/wp-content\/uploads\/2025\/09\/Therapie-cognitivo-comportementale--100x100.jpg 100w\" sizes=\"(max-width: 300px) 100vw, 300px\" \/><h2 class=\"woocommerce-loop-product__title\">Part 1: Revelation<\/h2><div title=\"Rated 0 out of 5\" class=\"star-rating\"><span style=\"width:0%\"><strong class=\"rating\">0.00<\/strong> out of 5<\/span><\/div>\n\t<span class=\"price\"><span class=\"woocommerce-Price-amount amount\"><bdi><span class=\"woocommerce-Price-currencySymbol\">&#x62f;.&#x62a;<\/span>&nbsp;99,000<\/bdi><\/span><\/span>\n<\/a><a href=\"?add-to-cart=17742\" aria-describedby=\"woocommerce_loop_add_to_cart_link_describedby_17742\" data-quantity=\"1\" class=\"button product_type_simple add_to_cart_button ajax_add_to_cart\" data-product_id=\"17742\" data-product_sku=\"\" aria-label=\"Ajouter au panier\u00a0: &ldquo;Part 1: Revelation&rdquo;\" rel=\"nofollow\" data-success_message=\"\u00ab\u00a0Part 1: Revelation\u00a0\u00bb a \u00e9t\u00e9 ajout\u00e9 \u00e0 votre panier\">Ajouter au panier<\/a>\t<span id=\"woocommerce_loop_add_to_cart_link_describedby_17742\" class=\"screen-reader-text\">\n\t\t\t<\/span>\n\t\t\t\t\t\t<\/div>\n\t\t\t\t\t\t\t\t\t\t\t\t<div class=\"thim-ekits-product__item product type-product post-17744 status-publish instock product_cat-therapy has-post-thumbnail taxable shipping-taxable purchasable product-type-simple\">\n\t\t\t\t\t\t\t<a href=\"https:\/\/rimtatar.com\/index.php\/produit\/part-2-rebirth\/\" class=\"woocommerce-LoopProduct-link woocommerce-loop-product__link\">\n<div class=\"list-sale-flash\"><\/div><img decoding=\"async\" width=\"300\" height=\"300\" src=\"https:\/\/rimtatar.com\/wp-content\/uploads\/2025\/09\/auto-hypnose-exrcice-300x300.jpg\" class=\"attachment-woocommerce_thumbnail size-woocommerce_thumbnail\" alt=\"Part 2: Rebirth\" srcset=\"https:\/\/rimtatar.com\/wp-content\/uploads\/2025\/09\/auto-hypnose-exrcice-300x300.jpg 300w, https:\/\/rimtatar.com\/wp-content\/uploads\/2025\/09\/auto-hypnose-exrcice-150x150.jpg 150w, https:\/\/rimtatar.com\/wp-content\/uploads\/2025\/09\/auto-hypnose-exrcice-100x100.jpg 100w, https:\/\/rimtatar.com\/wp-content\/uploads\/2025\/09\/auto-hypnose-exrcice-48x48.jpg 48w\" sizes=\"(max-width: 300px) 100vw, 300px\" \/><h2 class=\"woocommerce-loop-product__title\">Part 2: Rebirth<\/h2><div title=\"Rated 0 out of 5\" class=\"star-rating\"><span style=\"width:0%\"><strong class=\"rating\">0.00<\/strong> out of 5<\/span><\/div>\n\t<span class=\"price\"><span class=\"woocommerce-Price-amount amount\"><bdi><span class=\"woocommerce-Price-currencySymbol\">&#x62f;.&#x62a;<\/span>&nbsp;149,000<\/bdi><\/span><\/span>\n<\/a><a href=\"?add-to-cart=17744\" aria-describedby=\"woocommerce_loop_add_to_cart_link_describedby_17744\" data-quantity=\"1\" class=\"button product_type_simple add_to_cart_button ajax_add_to_cart\" data-product_id=\"17744\" data-product_sku=\"\" aria-label=\"Ajouter au panier\u00a0: &ldquo;Part 2: Rebirth&rdquo;\" rel=\"nofollow\" data-success_message=\"\u00ab\u00a0Part 2: Rebirth\u00a0\u00bb a \u00e9t\u00e9 ajout\u00e9 \u00e0 votre panier\">Ajouter au panier<\/a>\t<span id=\"woocommerce_loop_add_to_cart_link_describedby_17744\" class=\"screen-reader-text\">\n\t\t\t<\/span>\n\t\t\t\t\t\t<\/div>\n\t\t\t\t\t\t\t\t\t\t\t\t<div class=\"thim-ekits-product__item product type-product post-17745 status-publish instock product_cat-therapy has-post-thumbnail taxable shipping-taxable purchasable product-type-simple\">\n\t\t\t\t\t\t\t<a href=\"https:\/\/rimtatar.com\/index.php\/produit\/part-3-radiation\/\" class=\"woocommerce-LoopProduct-link woocommerce-loop-product__link\">\n<div class=\"list-sale-flash\"><\/div><img decoding=\"async\" width=\"300\" height=\"300\" src=\"https:\/\/rimtatar.com\/wp-content\/uploads\/2025\/09\/therapie-de-couple-scaled-1-300x300.jpg\" class=\"attachment-woocommerce_thumbnail size-woocommerce_thumbnail\" alt=\"Part 3: Radiation\" srcset=\"https:\/\/rimtatar.com\/wp-content\/uploads\/2025\/09\/therapie-de-couple-scaled-1-300x300.jpg 300w, https:\/\/rimtatar.com\/wp-content\/uploads\/2025\/09\/therapie-de-couple-scaled-1-150x150.jpg 150w, https:\/\/rimtatar.com\/wp-content\/uploads\/2025\/09\/therapie-de-couple-scaled-1-100x100.jpg 100w\" sizes=\"(max-width: 300px) 100vw, 300px\" \/><h2 class=\"woocommerce-loop-product__title\">Part 3: Radiation<\/h2><div title=\"Rated 0 out of 5\" class=\"star-rating\"><span style=\"width:0%\"><strong class=\"rating\">0.00<\/strong> out of 5<\/span><\/div>\n\t<span class=\"price\"><span class=\"woocommerce-Price-amount amount\"><bdi><span class=\"woocommerce-Price-currencySymbol\">&#x62f;.&#x62a;<\/span>&nbsp;189,000<\/bdi><\/span><\/span>\n<\/a><a href=\"?add-to-cart=17745\" aria-describedby=\"woocommerce_loop_add_to_cart_link_describedby_17745\" data-quantity=\"1\" class=\"button product_type_simple add_to_cart_button ajax_add_to_cart\" data-product_id=\"17745\" data-product_sku=\"\" aria-label=\"Ajouter au panier\u00a0: &ldquo;Part 3: Radiation&rdquo;\" rel=\"nofollow\" data-success_message=\"\u00ab\u00a0Part 3: Radiation\u00a0\u00bb a \u00e9t\u00e9 ajout\u00e9 \u00e0 votre panier\">Ajouter au panier<\/a>\t<span id=\"woocommerce_loop_add_to_cart_link_describedby_17745\" class=\"screen-reader-text\">\n\t\t\t<\/span>\n\t\t\t\t\t\t<\/div>\n\t\t\t\t\t\t\t\t\t\t<\/div>\n\t\t\t<\/div>\n\t\t\t\t\t\t\t<\/div>\n\t\t\t\t<\/div>\n\t\t\t\t\t<\/div>\n\t\t\t\t<\/div>\n\t\t<div class=\"elementor-element elementor-element-c08ebef elementor-hidden-desktop elementor-hidden-tablet elementor-hidden-mobile_extra elementor-hidden-mobile e-flex e-con-boxed e-con e-parent\" data-id=\"c08ebef\" data-element_type=\"container\">\n\t\t\t\t\t<div class=\"e-con-inner\">\n\t\t<div class=\"elementor-element elementor-element-7029d59 e-con-full e-flex e-con e-child\" data-id=\"7029d59\" data-element_type=\"container\">\n\t\t\t\t<div class=\"elementor-element elementor-element-721a681 elementor-widget elementor-widget-image\" data-id=\"721a681\" data-element_type=\"widget\" data-widget_type=\"image.default\">\n\t\t\t\t<div class=\"elementor-widget-container\">\n\t\t\t\t\t\t\t\t\t\t\t\t\t\t\t<img loading=\"lazy\" decoding=\"async\" width=\"640\" height=\"426\" src=\"https:\/\/rimtatar.com\/wp-content\/uploads\/2025\/09\/Therapie-cognitivo-comportementale--1024x682.jpg\" class=\"attachment-large size-large wp-image-17514\" alt=\"\" srcset=\"https:\/\/rimtatar.com\/wp-content\/uploads\/2025\/09\/Therapie-cognitivo-comportementale--1024x682.jpg 1024w, https:\/\/rimtatar.com\/wp-content\/uploads\/2025\/09\/Therapie-cognitivo-comportementale--300x200.jpg 300w, https:\/\/rimtatar.com\/wp-content\/uploads\/2025\/09\/Therapie-cognitivo-comportementale--768x512.jpg 768w, https:\/\/rimtatar.com\/wp-content\/uploads\/2025\/09\/Therapie-cognitivo-comportementale--1536x1024.jpg 1536w, https:\/\/rimtatar.com\/wp-content\/uploads\/2025\/09\/Therapie-cognitivo-comportementale--600x400.jpg 600w, https:\/\/rimtatar.com\/wp-content\/uploads\/2025\/09\/Therapie-cognitivo-comportementale-.jpg 2000w\" sizes=\"(max-width: 640px) 100vw, 640px\" \/>\t\t\t\t\t\t\t\t\t\t\t\t\t\t\t<\/div>\n\t\t\t\t<\/div>\n\t\t\t\t<\/div>\n\t\t<div class=\"elementor-element elementor-element-123a514 e-con-full e-flex e-con e-child\" data-id=\"123a514\" data-element_type=\"container\">\n\t\t\t\t<div class=\"elementor-element elementor-element-457deb5 elementor-widget elementor-widget-thim-ekits-heading\" data-id=\"457deb5\" data-element_type=\"widget\" data-widget_type=\"thim-ekits-heading.default\">\n\t\t\t\t<div class=\"elementor-widget-container\">\n\t\t\t\t\t<div class=\"thim-ekits-heading thim-ekit__heading\"><h3 class=\"title\">Part 1: Revelation<\/h3><p class=\"sub-heading\">$ 99,000 <\/br>\n<\/br>\nUnderstanding is power, and during this first part of 3 sessions, you will grasp what needs to change and what actions to begin taking to trigger a shift in your mindset, and consequently, your life towards what you desire \ud83e\udd8b<\/p><\/div>\t\t\t\t<\/div>\n\t\t\t\t<\/div>\n\t\t\t\t<div class=\"elementor-element elementor-element-5a10aa1 elementor-widget elementor-widget-thim-ekits-button\" data-id=\"5a10aa1\" data-element_type=\"widget\" data-widget_type=\"thim-ekits-button.default\">\n\t\t\t\t<div class=\"elementor-widget-container\">\n\t\t\t\t\t\n\t\t<div class=\"thim-ekits-button\">\n\t\t\t<a href=\"https:\/\/rimtatar.com\/index.php\/about-me\/\" role=\"button\">\n\t\t\t\t<span class=\"button-content-wrapper\">\n\t\t\t\t\tAdd to card\t\t\t\t<\/span>\n\t\t\t<\/a>\n\t\t<\/div>\n\n\t\t\t\t\t\t<\/div>\n\t\t\t\t<\/div>\n\t\t\t\t<\/div>\n\t\t\t\t\t<\/div>\n\t\t\t\t<\/div>\n\t\t<div class=\"elementor-element elementor-element-315b9bd elementor-hidden-desktop elementor-hidden-tablet elementor-hidden-mobile_extra elementor-hidden-mobile e-flex e-con-boxed e-con e-parent\" data-id=\"315b9bd\" data-element_type=\"container\">\n\t\t\t\t\t<div class=\"e-con-inner\">\n\t\t<div class=\"elementor-element elementor-element-d3fe903 e-con-full e-flex e-con e-child\" data-id=\"d3fe903\" data-element_type=\"container\">\n\t\t\t\t<div class=\"elementor-element elementor-element-567fc24 elementor-widget elementor-widget-image\" data-id=\"567fc24\" data-element_type=\"widget\" data-widget_type=\"image.default\">\n\t\t\t\t<div class=\"elementor-widget-container\">\n\t\t\t\t\t\t\t\t\t\t\t\t\t\t\t<img loading=\"lazy\" decoding=\"async\" width=\"640\" height=\"427\" src=\"https:\/\/rimtatar.com\/wp-content\/uploads\/2025\/09\/auto-hypnose-exrcice-1024x683.jpg\" class=\"attachment-large size-large wp-image-17524\" alt=\"\" srcset=\"https:\/\/rimtatar.com\/wp-content\/uploads\/2025\/09\/auto-hypnose-exrcice-1024x683.jpg 1024w, https:\/\/rimtatar.com\/wp-content\/uploads\/2025\/09\/auto-hypnose-exrcice-300x200.jpg 300w, https:\/\/rimtatar.com\/wp-content\/uploads\/2025\/09\/auto-hypnose-exrcice-768x512.jpg 768w, https:\/\/rimtatar.com\/wp-content\/uploads\/2025\/09\/auto-hypnose-exrcice-1536x1024.jpg 1536w, https:\/\/rimtatar.com\/wp-content\/uploads\/2025\/09\/auto-hypnose-exrcice-600x400.jpg 600w, https:\/\/rimtatar.com\/wp-content\/uploads\/2025\/09\/auto-hypnose-exrcice.jpg 1920w\" sizes=\"(max-width: 640px) 100vw, 640px\" \/>\t\t\t\t\t\t\t\t\t\t\t\t\t\t\t<\/div>\n\t\t\t\t<\/div>\n\t\t\t\t<\/div>\n\t\t<div class=\"elementor-element elementor-element-aae6669 e-con-full e-flex e-con e-child\" data-id=\"aae6669\" data-element_type=\"container\">\n\t\t\t\t<div class=\"elementor-element elementor-element-0059803 elementor-widget elementor-widget-thim-ekits-heading\" data-id=\"0059803\" data-element_type=\"widget\" data-widget_type=\"thim-ekits-heading.default\">\n\t\t\t\t<div class=\"elementor-widget-container\">\n\t\t\t\t\t<div class=\"thim-ekits-heading thim-ekit__heading\"><h3 class=\"title\">Part 2: Rebirth<\/h3><p class=\"sub-heading\">$ 149,000 <\/br>\n<\/br>\nThis second part is entirely focused on the Self, on understanding how the individual operates, their emotions, what has shaped their character, and how to make changes from within to rediscover oneself\u2026 It consists of 7 very deep, challenging, and emotionally intense sessions\u2026<\/p><\/div>\t\t\t\t<\/div>\n\t\t\t\t<\/div>\n\t\t\t\t<div class=\"elementor-element elementor-element-7b23f28 elementor-widget elementor-widget-thim-ekits-button\" data-id=\"7b23f28\" data-element_type=\"widget\" data-widget_type=\"thim-ekits-button.default\">\n\t\t\t\t<div class=\"elementor-widget-container\">\n\t\t\t\t\t\n\t\t<div class=\"thim-ekits-button\">\n\t\t\t<a href=\"https:\/\/rimtatar.com\/index.php\/about-me\/\" role=\"button\">\n\t\t\t\t<span class=\"button-content-wrapper\">\n\t\t\t\t\tAdd to card\t\t\t\t<\/span>\n\t\t\t<\/a>\n\t\t<\/div>\n\n\t\t\t\t\t\t<\/div>\n\t\t\t\t<\/div>\n\t\t\t\t<\/div>\n\t\t\t\t\t<\/div>\n\t\t\t\t<\/div>\n\t\t<div class=\"elementor-element elementor-element-bfe781d elementor-hidden-desktop elementor-hidden-tablet elementor-hidden-mobile_extra elementor-hidden-mobile e-flex e-con-boxed e-con e-parent\" data-id=\"bfe781d\" data-element_type=\"container\">\n\t\t\t\t\t<div class=\"e-con-inner\">\n\t\t<div class=\"elementor-element elementor-element-1dfd06c e-con-full e-flex e-con e-child\" data-id=\"1dfd06c\" data-element_type=\"container\">\n\t\t\t\t<div class=\"elementor-element elementor-element-b38cf6c elementor-widget elementor-widget-image\" data-id=\"b38cf6c\" data-element_type=\"widget\" data-widget_type=\"image.default\">\n\t\t\t\t<div class=\"elementor-widget-container\">\n\t\t\t\t\t\t\t\t\t\t\t\t\t\t\t<img loading=\"lazy\" decoding=\"async\" width=\"640\" height=\"427\" src=\"https:\/\/rimtatar.com\/wp-content\/uploads\/2025\/09\/therapie-de-couple-scaled-1-1024x683.jpg\" class=\"attachment-large size-large wp-image-17531\" alt=\"\" srcset=\"https:\/\/rimtatar.com\/wp-content\/uploads\/2025\/09\/therapie-de-couple-scaled-1-1024x683.jpg 1024w, https:\/\/rimtatar.com\/wp-content\/uploads\/2025\/09\/therapie-de-couple-scaled-1-300x200.jpg 300w, https:\/\/rimtatar.com\/wp-content\/uploads\/2025\/09\/therapie-de-couple-scaled-1-768x512.jpg 768w, https:\/\/rimtatar.com\/wp-content\/uploads\/2025\/09\/therapie-de-couple-scaled-1-1536x1024.jpg 1536w, https:\/\/rimtatar.com\/wp-content\/uploads\/2025\/09\/therapie-de-couple-scaled-1-2048x1366.jpg 2048w, https:\/\/rimtatar.com\/wp-content\/uploads\/2025\/09\/therapie-de-couple-scaled-1-600x400.jpg 600w\" sizes=\"(max-width: 640px) 100vw, 640px\" \/>\t\t\t\t\t\t\t\t\t\t\t\t\t\t\t<\/div>\n\t\t\t\t<\/div>\n\t\t\t\t<\/div>\n\t\t<div class=\"elementor-element elementor-element-37c7f12 e-con-full e-flex e-con e-child\" data-id=\"37c7f12\" data-element_type=\"container\">\n\t\t\t\t<div class=\"elementor-element elementor-element-d1ffd4e elementor-widget elementor-widget-thim-ekits-heading\" data-id=\"d1ffd4e\" data-element_type=\"widget\" data-widget_type=\"thim-ekits-heading.default\">\n\t\t\t\t<div class=\"elementor-widget-container\">\n\t\t\t\t\t<div class=\"thim-ekits-heading thim-ekit__heading\"><h3 class=\"title\">Part 3: Radiation<\/h3><p class=\"sub-heading\">$ 189,000 <\/br>\n<\/br>\nThis third part teaches us to continue the process of inner peace outward. It guides us to reconcile with ourselves and the external world, to envision and build a desired future, to learn and understand the process of forgiveness, serenity, empathy, and acceptance.<\/p><\/div>\t\t\t\t<\/div>\n\t\t\t\t<\/div>\n\t\t\t\t<div class=\"elementor-element elementor-element-0cdb439 elementor-widget elementor-widget-thim-ekits-button\" data-id=\"0cdb439\" data-element_type=\"widget\" data-widget_type=\"thim-ekits-button.default\">\n\t\t\t\t<div class=\"elementor-widget-container\">\n\t\t\t\t\t\n\t\t<div class=\"thim-ekits-button\">\n\t\t\t<a href=\"https:\/\/rimtatar.com\/index.php\/about-me\/\" role=\"button\">\n\t\t\t\t<span class=\"button-content-wrapper\">\n\t\t\t\t\tAdd to card\t\t\t\t<\/span>\n\t\t\t<\/a>\n\t\t<\/div>\n\n\t\t\t\t\t\t<\/div>\n\t\t\t\t<\/div>\n\t\t\t\t<\/div>\n\t\t\t\t\t<\/div>\n\t\t\t\t<\/div>\n\t\t<div class=\"elementor-element elementor-element-ce551fe e-flex e-con-boxed e-con e-parent\" data-id=\"ce551fe\" data-element_type=\"container\">\n\t\t\t\t\t<div class=\"e-con-inner\">\n\t\t\t\t<div class=\"elementor-element elementor-element-fe92b8e elementor-widget elementor-widget-spacer\" data-id=\"fe92b8e\" data-element_type=\"widget\" data-widget_type=\"spacer.default\">\n\t\t\t\t<div class=\"elementor-widget-container\">\n\t\t\t\t\t\t\t<div class=\"elementor-spacer\">\n\t\t\t<div class=\"elementor-spacer-inner\"><\/div>\n\t\t<\/div>\n\t\t\t\t\t\t<\/div>\n\t\t\t\t<\/div>\n\t\t\t\t\t<\/div>\n\t\t\t\t<\/div>\n\t\t<div class=\"elementor-element elementor-element-e194772 e-flex e-con-boxed e-con e-parent\" data-id=\"e194772\" data-element_type=\"container\">\n\t\t\t\t\t<div class=\"e-con-inner\">\n\t\t\t\t<div class=\"elementor-element elementor-element-f4e4ce8 elementor-widget elementor-widget-thim-ekits-heading\" data-id=\"f4e4ce8\" data-element_type=\"widget\" data-widget_type=\"thim-ekits-heading.default\">\n\t\t\t\t<div class=\"elementor-widget-container\">\n\t\t\t\t\t<div class=\"thim-ekits-heading thim-ekit__heading\"><h3 class=\"title\">An excerpt from session number 1\u200b<\/h3><\/div>\t\t\t\t<\/div>\n\t\t\t\t<\/div>\n\t\t\t\t\t<\/div>\n\t\t\t\t<\/div>\n\t\t<div class=\"elementor-element elementor-element-25760f0 e-flex e-con-boxed e-con e-parent\" data-id=\"25760f0\" data-element_type=\"container\">\n\t\t\t\t\t<div class=\"e-con-inner\">\n\t\t\t\t<div class=\"elementor-element elementor-element-81da228 elementor-widget elementor-widget-thim-ekits-heading\" data-id=\"81da228\" data-element_type=\"widget\" data-widget_type=\"thim-ekits-heading.default\">\n\t\t\t\t<div class=\"elementor-widget-container\">\n\t\t\t\t\t<div class=\"thim-ekits-heading thim-ekit__heading\"><h4 class=\"title\">Day 1 - Aladdin's lamp<\/h4><p class=\"sub-heading\">What if each of us has an Aladdin\u2019s Lamp, but doesn\u2019t know where it is hiding and how to activate it ?<\/p><\/div>\t\t\t\t<\/div>\n\t\t\t\t<\/div>\n\t\t\t\t\t<\/div>\n\t\t\t\t<\/div>\n\t\t<div class=\"elementor-element elementor-element-3812764 e-flex e-con-boxed e-con e-parent\" data-id=\"3812764\" data-element_type=\"container\">\n\t\t\t\t\t<div class=\"e-con-inner\">\n\t\t\t\t<div class=\"elementor-element elementor-element-aaa2719 elementor-widget elementor-widget-spacer\" data-id=\"aaa2719\" data-element_type=\"widget\" data-widget_type=\"spacer.default\">\n\t\t\t\t<div class=\"elementor-widget-container\">\n\t\t\t\t\t\t\t<div class=\"elementor-spacer\">\n\t\t\t<div class=\"elementor-spacer-inner\"><\/div>\n\t\t<\/div>\n\t\t\t\t\t\t<\/div>\n\t\t\t\t<\/div>\n\t\t\t\t\t<\/div>\n\t\t\t\t<\/div>\n\t\t<div class=\"elementor-element elementor-element-6b5c5d8 e-flex e-con-boxed e-con e-parent\" data-id=\"6b5c5d8\" data-element_type=\"container\">\n\t\t\t\t\t<div class=\"e-con-inner\">\n\t\t\t\t<div class=\"elementor-element elementor-element-c5a9d76 elementor-widget elementor-widget-video\" data-id=\"c5a9d76\" data-element_type=\"widget\" data-settings=\"{&quot;video_type&quot;:&quot;vimeo&quot;}\" data-widget_type=\"video.default\">\n\t\t\t\t<div class=\"elementor-widget-container\">\n\t\t\t\t\t\t\t<div class=\"elementor-wrapper elementor-open-inline\">\n\t\t\t<iframe class=\"elementor-video-iframe\" allowfullscreen allow=\"clipboard-write\" title=\"Lecteur vid\u00e9o vimeo\" src=\"https:\/\/player.vimeo.com\/video\/704193327?color&amp;autopause=0&amp;loop=0&amp;muted=0&amp;title=1&amp;portrait=1&amp;byline=1&amp;h=3c60cf92f5#t=\"><\/iframe>\t\t<\/div>\n\t\t\t\t\t\t<\/div>\n\t\t\t\t<\/div>\n\t\t\t\t\t<\/div>\n\t\t\t\t<\/div>\n\t\t\t\t<\/div>\n\t\t","protected":false},"excerpt":{"rendered":"<p>The path to my inner self To Find Myself is an online therapy program consisting of 21 sessions divided into 3 parts. You can purchase all of them at once by clicking \u2018Add to Cart\u2019. Alternatively, you can choose to [&hellip;]<\/p>\n","protected":false},"author":1,"featured_media":0,"parent":0,"menu_order":0,"comment_status":"closed","ping_status":"closed","template":"","meta":{"footnotes":""},"class_list":["post-17508","page","type-page","status-publish","hentry"],"jetpack_sharing_enabled":true,"_links":{"self":[{"href":"https:\/\/rimtatar.com\/index.php\/wp-json\/wp\/v2\/pages\/17508","targetHints":{"allow":["GET"]}}],"collection":[{"href":"https:\/\/rimtatar.com\/index.php\/wp-json\/wp\/v2\/pages"}],"about":[{"href":"https:\/\/rimtatar.com\/index.php\/wp-json\/wp\/v2\/types\/page"}],"author":[{"embeddable":true,"href":"https:\/\/rimtatar.com\/index.php\/wp-json\/wp\/v2\/users\/1"}],"replies":[{"embeddable":true,"href":"https:\/\/rimtatar.com\/index.php\/wp-json\/wp\/v2\/comments?post=17508"}],"version-history":[{"count":54,"href":"https:\/\/rimtatar.com\/index.php\/wp-json\/wp\/v2\/pages\/17508\/revisions"}],"predecessor-version":[{"id":17804,"href":"https:\/\/rimtatar.com\/index.php\/wp-json\/wp\/v2\/pages\/17508\/revisions\/17804"}],"wp:attachment":[{"href":"https:\/\/rimtatar.com\/index.php\/wp-json\/wp\/v2\/media?parent=17508"}],"curies":[{"name":"wp","href":"https:\/\/api.w.org\/{rel}","templated":true}]}}