{"id":16645,"date":"2025-06-10T11:20:08","date_gmt":"2025-06-10T09:20:08","guid":{"rendered":"https:\/\/preprod2.krea-lead.com\/?page_id=16645"},"modified":"2025-12-05T13:28:40","modified_gmt":"2025-12-05T12:28:40","slug":"my-products","status":"publish","type":"page","link":"https:\/\/rimtatar.com\/index.php\/my-products\/","title":{"rendered":"My Products"},"content":{"rendered":"\t\t<div data-elementor-type=\"wp-page\" data-elementor-id=\"16645\" class=\"elementor elementor-16645\">\n\t\t\t\t<div class=\"elementor-element elementor-element-5a70b4c e-flex e-con-boxed e-con e-parent\" data-id=\"5a70b4c\" data-element_type=\"container\">\n\t\t\t\t\t<div class=\"e-con-inner\">\n\t\t\t\t\t<\/div>\n\t\t\t\t<\/div>\n\t\t<div class=\"elementor-element elementor-element-d6ffa81 e-flex e-con-boxed e-con e-parent\" data-id=\"d6ffa81\" data-element_type=\"container\">\n\t\t\t\t\t<div class=\"e-con-inner\">\n\t\t\t\t<div class=\"elementor-element elementor-element-8aa8f83 elementor-widget elementor-widget-thim-ekits-list-product\" data-id=\"8aa8f83\" data-element_type=\"widget\" data-widget_type=\"thim-ekits-list-product.default\">\n\t\t\t\t<div class=\"elementor-widget-container\">\n\t\t\t\t\t\t\t\t<div class=\"thim-ekits-product woocommerce\">\n\t\t\t\t<div class=\"thim-ekits-product__inner\">\n\t\t\t\t\t\t\t\t\t\t\t<div class=\"thim-ekits-product__item product type-product post-1690 status-publish first instock product_cat-my-products has-post-thumbnail taxable shipping-taxable purchasable product-type-simple\">\n\t\t\t\t\t\t\t<a href=\"https:\/\/rimtatar.com\/index.php\/produit\/weak-heart\/\" class=\"woocommerce-LoopProduct-link woocommerce-loop-product__link\">\n<div class=\"list-sale-flash\"><\/div><img fetchpriority=\"high\" decoding=\"async\" width=\"300\" height=\"300\" src=\"https:\/\/rimtatar.com\/wp-content\/uploads\/2013\/06\/PSD_01-300x300.jpg\" class=\"attachment-woocommerce_thumbnail size-woocommerce_thumbnail\" alt=\"Pour me retrouver\" srcset=\"https:\/\/rimtatar.com\/wp-content\/uploads\/2013\/06\/PSD_01-300x300.jpg 300w, https:\/\/rimtatar.com\/wp-content\/uploads\/2013\/06\/PSD_01-150x150.jpg 150w, https:\/\/rimtatar.com\/wp-content\/uploads\/2013\/06\/PSD_01-100x100.jpg 100w, https:\/\/rimtatar.com\/wp-content\/uploads\/2013\/06\/PSD_01-scaled-48x48.jpg 48w\" sizes=\"(max-width: 300px) 100vw, 300px\" \/><h2 class=\"woocommerce-loop-product__title\">Pour me retrouver<\/h2><div title=\"Rated 0 out of 5\" class=\"star-rating\"><span style=\"width:0%\"><strong class=\"rating\">0.00<\/strong> out of 5<\/span><\/div>\n\t<span class=\"price\"><span class=\"woocommerce-Price-amount amount\"><bdi><span class=\"woocommerce-Price-currencySymbol\">&#x62f;.&#x62a;<\/span>&nbsp;25,000<\/bdi><\/span><\/span>\n<\/a><a href=\"?add-to-cart=1690\" aria-describedby=\"woocommerce_loop_add_to_cart_link_describedby_1690\" data-quantity=\"1\" class=\"button product_type_simple add_to_cart_button ajax_add_to_cart\" data-product_id=\"1690\" data-product_sku=\"\" aria-label=\"Ajouter au panier\u00a0: &ldquo;Pour me retrouver&rdquo;\" rel=\"nofollow\" data-success_message=\"\u00ab\u00a0Pour me retrouver\u00a0\u00bb a \u00e9t\u00e9 ajout\u00e9 \u00e0 votre panier\">Ajouter au panier<\/a>\t<span id=\"woocommerce_loop_add_to_cart_link_describedby_1690\" class=\"screen-reader-text\">\n\t\t\t<\/span>\n\t\t\t\t\t\t<\/div>\n\t\t\t\t\t\t\t\t\t\t\t\t<div class=\"thim-ekits-product__item product type-product post-17206 status-publish instock product_cat-my-products has-post-thumbnail taxable shipping-taxable purchasable product-type-simple\">\n\t\t\t\t\t\t\t<a href=\"https:\/\/rimtatar.com\/index.php\/produit\/pour-me-retrouver-version-anglaise\/\" class=\"woocommerce-LoopProduct-link woocommerce-loop-product__link\">\n<div class=\"list-sale-flash\"><\/div><img decoding=\"async\" width=\"300\" height=\"300\" src=\"https:\/\/rimtatar.com\/wp-content\/uploads\/2013\/06\/PSD_01-300x300.jpg\" class=\"attachment-woocommerce_thumbnail size-woocommerce_thumbnail\" alt=\"The path to my inner self\" srcset=\"https:\/\/rimtatar.com\/wp-content\/uploads\/2013\/06\/PSD_01-300x300.jpg 300w, https:\/\/rimtatar.com\/wp-content\/uploads\/2013\/06\/PSD_01-150x150.jpg 150w, https:\/\/rimtatar.com\/wp-content\/uploads\/2013\/06\/PSD_01-100x100.jpg 100w, https:\/\/rimtatar.com\/wp-content\/uploads\/2013\/06\/PSD_01-scaled-48x48.jpg 48w\" sizes=\"(max-width: 300px) 100vw, 300px\" \/><h2 class=\"woocommerce-loop-product__title\">The path to my inner self<\/h2><div title=\"Rated 0 out of 5\" class=\"star-rating\"><span style=\"width:0%\"><strong class=\"rating\">0.00<\/strong> out of 5<\/span><\/div>\n\t<span class=\"price\"><span class=\"woocommerce-Price-amount amount\"><bdi><span class=\"woocommerce-Price-currencySymbol\">&#x62f;.&#x62a;<\/span>&nbsp;25,000<\/bdi><\/span><\/span>\n<\/a><a href=\"?add-to-cart=17206\" aria-describedby=\"woocommerce_loop_add_to_cart_link_describedby_17206\" data-quantity=\"1\" class=\"button product_type_simple add_to_cart_button ajax_add_to_cart\" data-product_id=\"17206\" data-product_sku=\"\" aria-label=\"Ajouter au panier\u00a0: &ldquo;The path to my inner self&rdquo;\" rel=\"nofollow\" data-success_message=\"\u00ab\u00a0The path to my inner self\u00a0\u00bb a \u00e9t\u00e9 ajout\u00e9 \u00e0 votre panier\">Ajouter au panier<\/a>\t<span id=\"woocommerce_loop_add_to_cart_link_describedby_17206\" class=\"screen-reader-text\">\n\t\t\t<\/span>\n\t\t\t\t\t\t<\/div>\n\t\t\t\t\t\t\t\t\t\t\t\t<div class=\"thim-ekits-product__item product type-product post-17207 status-publish instock product_cat-my-products has-post-thumbnail taxable shipping-taxable purchasable product-type-simple\">\n\t\t\t\t\t\t\t<a href=\"https:\/\/rimtatar.com\/index.php\/produit\/pour-me-retrouver-version-arabe\/\" class=\"woocommerce-LoopProduct-link woocommerce-loop-product__link\">\n<div class=\"list-sale-flash\"><\/div><img decoding=\"async\" width=\"300\" height=\"300\" src=\"https:\/\/rimtatar.com\/wp-content\/uploads\/2013\/06\/PSD_01-300x300.jpg\" class=\"attachment-woocommerce_thumbnail size-woocommerce_thumbnail\" alt=\"\u0644\u0643\u064a \u0623\u0644\u0642\u0627\u0646\u064a\" srcset=\"https:\/\/rimtatar.com\/wp-content\/uploads\/2013\/06\/PSD_01-300x300.jpg 300w, https:\/\/rimtatar.com\/wp-content\/uploads\/2013\/06\/PSD_01-150x150.jpg 150w, https:\/\/rimtatar.com\/wp-content\/uploads\/2013\/06\/PSD_01-100x100.jpg 100w, https:\/\/rimtatar.com\/wp-content\/uploads\/2013\/06\/PSD_01-scaled-48x48.jpg 48w\" sizes=\"(max-width: 300px) 100vw, 300px\" \/><h2 class=\"woocommerce-loop-product__title\">\u0644\u0643\u064a \u0623\u0644\u0642\u0627\u0646\u064a<\/h2><div title=\"Rated 0 out of 5\" class=\"star-rating\"><span style=\"width:0%\"><strong class=\"rating\">0.00<\/strong> out of 5<\/span><\/div>\n\t<span class=\"price\"><span class=\"woocommerce-Price-amount amount\"><bdi><span class=\"woocommerce-Price-currencySymbol\">&#x62f;.&#x62a;<\/span>&nbsp;25,000<\/bdi><\/span><\/span>\n<\/a><a href=\"?add-to-cart=17207\" aria-describedby=\"woocommerce_loop_add_to_cart_link_describedby_17207\" data-quantity=\"1\" class=\"button product_type_simple add_to_cart_button ajax_add_to_cart\" data-product_id=\"17207\" data-product_sku=\"\" aria-label=\"Ajouter au panier\u00a0: &ldquo;\u0644\u0643\u064a \u0623\u0644\u0642\u0627\u0646\u064a&rdquo;\" rel=\"nofollow\" data-success_message=\"\u00ab\u00a0\u0644\u0643\u064a \u0623\u0644\u0642\u0627\u0646\u064a\u00a0\u00bb a \u00e9t\u00e9 ajout\u00e9 \u00e0 votre panier\">Ajouter au panier<\/a>\t<span id=\"woocommerce_loop_add_to_cart_link_describedby_17207\" class=\"screen-reader-text\">\n\t\t\t<\/span>\n\t\t\t\t\t\t<\/div>\n\t\t\t\t\t\t\t\t\t\t\t\t<div class=\"thim-ekits-product__item product type-product post-17209 status-publish last instock product_cat-my-products has-post-thumbnail taxable shipping-taxable purchasable product-type-simple\">\n\t\t\t\t\t\t\t<a href=\"https:\/\/rimtatar.com\/index.php\/produit\/ritoo-game\/\" class=\"woocommerce-LoopProduct-link woocommerce-loop-product__link\">\n<div class=\"list-sale-flash\"><\/div><img loading=\"lazy\" decoding=\"async\" width=\"300\" height=\"300\" src=\"https:\/\/rimtatar.com\/wp-content\/uploads\/2013\/06\/IMG-20241020-WA0020-300x300.jpg\" class=\"attachment-woocommerce_thumbnail size-woocommerce_thumbnail\" alt=\"RITOO game\" srcset=\"https:\/\/rimtatar.com\/wp-content\/uploads\/2013\/06\/IMG-20241020-WA0020-300x300.jpg 300w, https:\/\/rimtatar.com\/wp-content\/uploads\/2013\/06\/IMG-20241020-WA0020-150x150.jpg 150w, https:\/\/rimtatar.com\/wp-content\/uploads\/2013\/06\/IMG-20241020-WA0020-100x100.jpg 100w, https:\/\/rimtatar.com\/wp-content\/uploads\/2013\/06\/IMG-20241020-WA0020-48x48.jpg 48w\" sizes=\"(max-width: 300px) 100vw, 300px\" \/><h2 class=\"woocommerce-loop-product__title\">RITOO game<\/h2><div title=\"Rated 0 out of 5\" class=\"star-rating\"><span style=\"width:0%\"><strong class=\"rating\">0.00<\/strong> out of 5<\/span><\/div>\n\t<span class=\"price\"><span class=\"woocommerce-Price-amount amount\"><bdi><span class=\"woocommerce-Price-currencySymbol\">&#x62f;.&#x62a;<\/span>&nbsp;60,000<\/bdi><\/span><\/span>\n<\/a><a href=\"?add-to-cart=17209\" aria-describedby=\"woocommerce_loop_add_to_cart_link_describedby_17209\" data-quantity=\"1\" class=\"button product_type_simple add_to_cart_button ajax_add_to_cart\" data-product_id=\"17209\" data-product_sku=\"\" aria-label=\"Ajouter au panier\u00a0: &ldquo;RITOO game&rdquo;\" rel=\"nofollow\" data-success_message=\"\u00ab\u00a0RITOO game\u00a0\u00bb a \u00e9t\u00e9 ajout\u00e9 \u00e0 votre panier\">Ajouter au panier<\/a>\t<span id=\"woocommerce_loop_add_to_cart_link_describedby_17209\" class=\"screen-reader-text\">\n\t\t\t<\/span>\n\t\t\t\t\t\t<\/div>\n\t\t\t\t\t\t\t\t\t\t\t\t<div class=\"thim-ekits-product__item product type-product post-17771 status-publish first instock product_cat-my-products has-post-thumbnail taxable shipping-taxable purchasable product-type-simple\">\n\t\t\t\t\t\t\t<a href=\"https:\/\/rimtatar.com\/index.php\/produit\/365-jours-de-developpement\/\" class=\"woocommerce-LoopProduct-link woocommerce-loop-product__link\">\n<div class=\"list-sale-flash\"><\/div><img loading=\"lazy\" decoding=\"async\" width=\"300\" height=\"300\" src=\"https:\/\/rimtatar.com\/wp-content\/uploads\/2025\/12\/WhatsApp-Image-2025-12-04-a-12.43.49_68e61fa7-300x300.jpg\" class=\"attachment-woocommerce_thumbnail size-woocommerce_thumbnail\" alt=\"365 JOURS DE DEVELOPPEMENT\" srcset=\"https:\/\/rimtatar.com\/wp-content\/uploads\/2025\/12\/WhatsApp-Image-2025-12-04-a-12.43.49_68e61fa7-300x300.jpg 300w, https:\/\/rimtatar.com\/wp-content\/uploads\/2025\/12\/WhatsApp-Image-2025-12-04-a-12.43.49_68e61fa7-150x150.jpg 150w, https:\/\/rimtatar.com\/wp-content\/uploads\/2025\/12\/WhatsApp-Image-2025-12-04-a-12.43.49_68e61fa7-100x100.jpg 100w\" sizes=\"(max-width: 300px) 100vw, 300px\" \/><h2 class=\"woocommerce-loop-product__title\">365 JOURS DE DEVELOPPEMENT<\/h2><div title=\"Rated 0 out of 5\" class=\"star-rating\"><span style=\"width:0%\"><strong class=\"rating\">0.00<\/strong> out of 5<\/span><\/div>\n\t<span class=\"price\"><span class=\"woocommerce-Price-amount amount\"><bdi><span class=\"woocommerce-Price-currencySymbol\">&#x62f;.&#x62a;<\/span>&nbsp;69,000<\/bdi><\/span><\/span>\n<\/a><a href=\"?add-to-cart=17771\" aria-describedby=\"woocommerce_loop_add_to_cart_link_describedby_17771\" data-quantity=\"1\" class=\"button product_type_simple add_to_cart_button ajax_add_to_cart\" data-product_id=\"17771\" data-product_sku=\"\" aria-label=\"Ajouter au panier\u00a0: &ldquo;365 JOURS DE DEVELOPPEMENT&rdquo;\" rel=\"nofollow\" data-success_message=\"\u00ab\u00a0365 JOURS DE DEVELOPPEMENT\u00a0\u00bb a \u00e9t\u00e9 ajout\u00e9 \u00e0 votre panier\">Ajouter au panier<\/a>\t<span id=\"woocommerce_loop_add_to_cart_link_describedby_17771\" class=\"screen-reader-text\">\n\t\t\t<\/span>\n\t\t\t\t\t\t<\/div>\n\t\t\t\t\t\t\t\t\t\t<\/div>\n\t\t\t<\/div>\n\t\t\t\t\t\t\t<\/div>\n\t\t\t\t<\/div>\n\t\t\t\t\t<\/div>\n\t\t\t\t<\/div>\n\t\t\t\t<\/div>\n\t\t","protected":false},"excerpt":{"rendered":"<p>Pour me retrouver 0.00 out of 5 &#x62f;.&#x62a;&nbsp;25,000 Ajouter au panier The path to my inner self 0.00 out of 5 &#x62f;.&#x62a;&nbsp;25,000 Ajouter au panier \u0644\u0643\u064a \u0623\u0644\u0642\u0627\u0646\u064a 0.00 out of 5 &#x62f;.&#x62a;&nbsp;25,000 Ajouter au panier RITOO game 0.00 out of [&hellip;]<\/p>\n","protected":false},"author":1,"featured_media":0,"parent":0,"menu_order":0,"comment_status":"closed","ping_status":"closed","template":"","meta":{"footnotes":""},"class_list":["post-16645","page","type-page","status-publish","hentry"],"jetpack_sharing_enabled":true,"_links":{"self":[{"href":"https:\/\/rimtatar.com\/index.php\/wp-json\/wp\/v2\/pages\/16645","targetHints":{"allow":["GET"]}}],"collection":[{"href":"https:\/\/rimtatar.com\/index.php\/wp-json\/wp\/v2\/pages"}],"about":[{"href":"https:\/\/rimtatar.com\/index.php\/wp-json\/wp\/v2\/types\/page"}],"author":[{"embeddable":true,"href":"https:\/\/rimtatar.com\/index.php\/wp-json\/wp\/v2\/users\/1"}],"replies":[{"embeddable":true,"href":"https:\/\/rimtatar.com\/index.php\/wp-json\/wp\/v2\/comments?post=16645"}],"version-history":[{"count":19,"href":"https:\/\/rimtatar.com\/index.php\/wp-json\/wp\/v2\/pages\/16645\/revisions"}],"predecessor-version":[{"id":17777,"href":"https:\/\/rimtatar.com\/index.php\/wp-json\/wp\/v2\/pages\/16645\/revisions\/17777"}],"wp:attachment":[{"href":"https:\/\/rimtatar.com\/index.php\/wp-json\/wp\/v2\/media?parent=16645"}],"curies":[{"name":"wp","href":"https:\/\/api.w.org\/{rel}","templated":true}]}}