{"id":16556,"date":"2025-06-04T16:14:21","date_gmt":"2025-06-04T14:14:21","guid":{"rendered":"https:\/\/preprod2.krea-lead.com\/?page_id=16556"},"modified":"2025-09-30T15:58:13","modified_gmt":"2025-09-30T13:58:13","slug":"my-services","status":"publish","type":"page","link":"https:\/\/rimtatar.com\/index.php\/my-services\/","title":{"rendered":"My Services"},"content":{"rendered":"\t\t<div data-elementor-type=\"wp-page\" data-elementor-id=\"16556\" class=\"elementor elementor-16556\">\n\t\t\t\t<div class=\"elementor-element elementor-element-4cf386d e-flex e-con-boxed e-con e-parent\" data-id=\"4cf386d\" data-element_type=\"container\">\n\t\t\t\t\t<div class=\"e-con-inner\">\n\t\t\t\t<div class=\"elementor-element elementor-element-a66c8b5 elementor-widget elementor-widget-heading\" data-id=\"a66c8b5\" data-element_type=\"widget\" data-widget_type=\"heading.default\">\n\t\t\t\t<div class=\"elementor-widget-container\">\n\t\t\t\t\t<h6 class=\"elementor-heading-title elementor-size-default\">Hypnotherapist \u2013 Professional Coach \u2013 RTT Therapist<\/h6>\t\t\t\t<\/div>\n\t\t\t\t<\/div>\n\t\t\t\t\t<\/div>\n\t\t\t\t<\/div>\n\t\t<div class=\"elementor-element elementor-element-294d2fe e-flex e-con-boxed e-con e-parent\" data-id=\"294d2fe\" data-element_type=\"container\">\n\t\t\t\t\t<div class=\"e-con-inner\">\n\t\t\t\t<div class=\"elementor-element elementor-element-cd82d1d elementor-widget elementor-widget-spacer\" data-id=\"cd82d1d\" data-element_type=\"widget\" data-widget_type=\"spacer.default\">\n\t\t\t\t<div class=\"elementor-widget-container\">\n\t\t\t\t\t\t\t<div class=\"elementor-spacer\">\n\t\t\t<div class=\"elementor-spacer-inner\"><\/div>\n\t\t<\/div>\n\t\t\t\t\t\t<\/div>\n\t\t\t\t<\/div>\n\t\t\t\t\t<\/div>\n\t\t\t\t<\/div>\n\t\t<div class=\"elementor-element elementor-element-bea2c62 e-flex e-con-boxed e-con e-parent\" data-id=\"bea2c62\" data-element_type=\"container\">\n\t\t\t\t\t<div class=\"e-con-inner\">\n\t\t\t\t<div class=\"elementor-element elementor-element-2748c27 elementor-widget elementor-widget-text-editor\" data-id=\"2748c27\" data-element_type=\"widget\" data-widget_type=\"text-editor.default\">\n\t\t\t\t<div class=\"elementor-widget-container\">\n\t\t\t\t\t\t\t\t\t<div style=\"text-align: center;\">\nI will support you in finding, deep within your &lsquo;being&rsquo;, the necessary resources to lead you to well-being. So that you can regain confidence and serenity in all areas of your life. To help you choose the best service, please fill out <strong><a href=\"https:\/\/docs.google.com\/forms\/d\/1emO54yZFazzNqRRUQS2rZ04EgDrG1d1UvapZ4-p0fL4\/viewform?edit_requested=true#responses\" target=\"_blank\" rel=\"noopener\">this form<\/a><\/strong>.<\/div>\n<div><\/div>\t\t\t\t\t\t\t\t<\/div>\n\t\t\t\t<\/div>\n\t\t\t\t\t<\/div>\n\t\t\t\t<\/div>\n\t\t<div class=\"elementor-element elementor-element-bf1a4f5 e-flex e-con-boxed e-con e-parent\" data-id=\"bf1a4f5\" data-element_type=\"container\">\n\t\t\t\t\t<div class=\"e-con-inner\">\n\t\t\t\t<div class=\"elementor-element elementor-element-e15fbcf elementor-widget elementor-widget-spacer\" data-id=\"e15fbcf\" data-element_type=\"widget\" data-widget_type=\"spacer.default\">\n\t\t\t\t<div class=\"elementor-widget-container\">\n\t\t\t\t\t\t\t<div class=\"elementor-spacer\">\n\t\t\t<div class=\"elementor-spacer-inner\"><\/div>\n\t\t<\/div>\n\t\t\t\t\t\t<\/div>\n\t\t\t\t<\/div>\n\t\t\t\t\t<\/div>\n\t\t\t\t<\/div>\n\t\t<div class=\"elementor-element elementor-element-cf42eb7 e-flex e-con-boxed e-con e-parent\" data-id=\"cf42eb7\" data-element_type=\"container\">\n\t\t\t\t\t<div class=\"e-con-inner\">\n\t\t\t\t<div class=\"elementor-element elementor-element-bc95b2a elementor-widget elementor-widget-thim-ekits-list-product\" data-id=\"bc95b2a\" data-element_type=\"widget\" data-settings=\"{&quot;slidesPerView&quot;:3,&quot;slidesPerView_mobile&quot;:&quot;2&quot;,&quot;slidesPerGroup&quot;:3,&quot;spaceBetween&quot;:30,&quot;spaceBetween_mobile&quot;:&quot;15&quot;,&quot;slider_speed&quot;:1000,&quot;slider_autoplay&quot;:&quot;yes&quot;,&quot;autoplay_speed&quot;:1000,&quot;pause_on_interaction&quot;:&quot;yes&quot;,&quot;pause_on_hover&quot;:&quot;yes&quot;,&quot;slider_show_pagination&quot;:&quot;none&quot;}\" data-widget_type=\"thim-ekits-list-product.default\">\n\t\t\t\t<div class=\"elementor-widget-container\">\n\t\t\t\t\t\n\t\t\t\t\t<div class=\"thim-ekits-product woocommerce thim-ekits-sliders swiper-container\">\n\t\t\t\t<div class=\"swiper-wrapper\">\n\t\t\t\t\t\t\t\t\t\t\t<div class=\"thim-ekits-product__item swiper-slide product type-product post-17214 status-publish first instock product_cat-my-services has-post-thumbnail virtual taxable purchasable product-type-simple\">\n\t\t\t\t\t\t\t<a href=\"https:\/\/rimtatar.com\/index.php\/produit\/business-coaching\/\" class=\"woocommerce-LoopProduct-link woocommerce-loop-product__link\">\n<div class=\"list-sale-flash\"><\/div><img fetchpriority=\"high\" decoding=\"async\" width=\"300\" height=\"300\" src=\"https:\/\/rimtatar.com\/wp-content\/uploads\/2023\/06\/DSC09792-2-scaled-300x300.jpg\" class=\"attachment-woocommerce_thumbnail size-woocommerce_thumbnail\" alt=\"Business Coaching\" srcset=\"https:\/\/rimtatar.com\/wp-content\/uploads\/2023\/06\/DSC09792-2-scaled-300x300.jpg 300w, https:\/\/rimtatar.com\/wp-content\/uploads\/2023\/06\/DSC09792-2-scaled-100x100.jpg 100w, https:\/\/rimtatar.com\/wp-content\/uploads\/2023\/06\/DSC09792-2-150x150.jpg 150w\" sizes=\"(max-width: 300px) 100vw, 300px\" \/><h2 class=\"woocommerce-loop-product__title\">Business Coaching<\/h2><div title=\"Rated 0 out of 5\" class=\"star-rating\"><span style=\"width:0%\"><strong class=\"rating\">0.00<\/strong> out of 5<\/span><\/div>\n\t<span class=\"price\"><span class=\"woocommerce-Price-amount amount\"><bdi><span class=\"woocommerce-Price-currencySymbol\">&#x62f;.&#x62a;<\/span>&nbsp;200,000<\/bdi><\/span><\/span>\n<\/a><a href=\"?add-to-cart=17214\" aria-describedby=\"woocommerce_loop_add_to_cart_link_describedby_17214\" data-quantity=\"1\" class=\"button product_type_simple add_to_cart_button ajax_add_to_cart\" data-product_id=\"17214\" data-product_sku=\"\" aria-label=\"Ajouter au panier\u00a0: &ldquo;Business Coaching&rdquo;\" rel=\"nofollow\" data-success_message=\"\u00ab\u00a0Business Coaching\u00a0\u00bb a \u00e9t\u00e9 ajout\u00e9 \u00e0 votre panier\">Ajouter au panier<\/a>\t<span id=\"woocommerce_loop_add_to_cart_link_describedby_17214\" class=\"screen-reader-text\">\n\t\t\t<\/span>\n\t\t\t\t\t\t<\/div>\n\t\t\t\t\t\t\t\t\t\t\t\t<div class=\"thim-ekits-product__item swiper-slide product type-product post-17213 status-publish instock product_cat-my-services has-post-thumbnail virtual taxable purchasable product-type-simple\">\n\t\t\t\t\t\t\t<a href=\"https:\/\/rimtatar.com\/index.php\/produit\/rapid-transformational-therapy\/\" class=\"woocommerce-LoopProduct-link woocommerce-loop-product__link\">\n<div class=\"list-sale-flash\"><\/div><img decoding=\"async\" width=\"300\" height=\"300\" src=\"https:\/\/rimtatar.com\/wp-content\/uploads\/2023\/06\/DSC03487-2-2-scaled-300x300.jpg\" class=\"attachment-woocommerce_thumbnail size-woocommerce_thumbnail\" alt=\"RTT\" srcset=\"https:\/\/rimtatar.com\/wp-content\/uploads\/2023\/06\/DSC03487-2-2-scaled-300x300.jpg 300w, https:\/\/rimtatar.com\/wp-content\/uploads\/2023\/06\/DSC03487-2-2-scaled-100x100.jpg 100w, https:\/\/rimtatar.com\/wp-content\/uploads\/2023\/06\/DSC03487-2-2-150x150.jpg 150w\" sizes=\"(max-width: 300px) 100vw, 300px\" \/><h2 class=\"woocommerce-loop-product__title\">RTT<\/h2><div title=\"Rated 0 out of 5\" class=\"star-rating\"><span style=\"width:0%\"><strong class=\"rating\">0.00<\/strong> out of 5<\/span><\/div>\n\t<span class=\"price\"><span class=\"woocommerce-Price-amount amount\"><bdi><span class=\"woocommerce-Price-currencySymbol\">&#x62f;.&#x62a;<\/span>&nbsp;500,000<\/bdi><\/span><\/span>\n<\/a><a href=\"?add-to-cart=17213\" aria-describedby=\"woocommerce_loop_add_to_cart_link_describedby_17213\" data-quantity=\"1\" class=\"button product_type_simple add_to_cart_button ajax_add_to_cart\" data-product_id=\"17213\" data-product_sku=\"\" aria-label=\"Ajouter au panier\u00a0: &ldquo;RTT&rdquo;\" rel=\"nofollow\" data-success_message=\"\u00ab\u00a0RTT\u00a0\u00bb a \u00e9t\u00e9 ajout\u00e9 \u00e0 votre panier\">Ajouter au panier<\/a>\t<span id=\"woocommerce_loop_add_to_cart_link_describedby_17213\" class=\"screen-reader-text\">\n\t\t\t<\/span>\n\t\t\t\t\t\t<\/div>\n\t\t\t\t\t\t\t\t\t\t\t\t<div class=\"thim-ekits-product__item swiper-slide product type-product post-17212 status-publish instock product_cat-my-services has-post-thumbnail virtual taxable purchasable product-type-simple\">\n\t\t\t\t\t\t\t<a href=\"https:\/\/rimtatar.com\/index.php\/produit\/therapeutic-coaching\/\" class=\"woocommerce-LoopProduct-link woocommerce-loop-product__link\">\n<div class=\"list-sale-flash\"><\/div><img decoding=\"async\" width=\"300\" height=\"300\" src=\"https:\/\/rimtatar.com\/wp-content\/uploads\/2023\/06\/DSC03627-2-2-300x300.jpg\" class=\"attachment-woocommerce_thumbnail size-woocommerce_thumbnail\" alt=\"Therapeutic coaching\" srcset=\"https:\/\/rimtatar.com\/wp-content\/uploads\/2023\/06\/DSC03627-2-2-300x300.jpg 300w, https:\/\/rimtatar.com\/wp-content\/uploads\/2023\/06\/DSC03627-2-2-150x150.jpg 150w, https:\/\/rimtatar.com\/wp-content\/uploads\/2023\/06\/DSC03627-2-2-100x100.jpg 100w, https:\/\/rimtatar.com\/wp-content\/uploads\/2023\/06\/DSC03627-2-2-scaled-48x48.jpg 48w\" sizes=\"(max-width: 300px) 100vw, 300px\" \/><h2 class=\"woocommerce-loop-product__title\">Therapeutic coaching<\/h2><div title=\"Rated 0 out of 5\" class=\"star-rating\"><span style=\"width:0%\"><strong class=\"rating\">0.00<\/strong> out of 5<\/span><\/div>\n\t<span class=\"price\"><span class=\"woocommerce-Price-amount amount\"><bdi><span class=\"woocommerce-Price-currencySymbol\">&#x62f;.&#x62a;<\/span>&nbsp;300,000<\/bdi><\/span><\/span>\n<\/a><a href=\"?add-to-cart=17212\" aria-describedby=\"woocommerce_loop_add_to_cart_link_describedby_17212\" data-quantity=\"1\" class=\"button product_type_simple add_to_cart_button ajax_add_to_cart\" data-product_id=\"17212\" data-product_sku=\"\" aria-label=\"Ajouter au panier\u00a0: &ldquo;Therapeutic coaching&rdquo;\" rel=\"nofollow\" data-success_message=\"\u00ab\u00a0Therapeutic coaching\u00a0\u00bb a \u00e9t\u00e9 ajout\u00e9 \u00e0 votre panier\">Ajouter au panier<\/a>\t<span id=\"woocommerce_loop_add_to_cart_link_describedby_17212\" class=\"screen-reader-text\">\n\t\t\t<\/span>\n\t\t\t\t\t\t<\/div>\n\t\t\t\t\t\t\t\t\t\t\t\t<div class=\"thim-ekits-product__item swiper-slide product type-product post-17211 status-publish last instock product_cat-my-services has-post-thumbnail virtual taxable purchasable product-type-simple\">\n\t\t\t\t\t\t\t<a href=\"https:\/\/rimtatar.com\/index.php\/produit\/round-table\/\" class=\"woocommerce-LoopProduct-link woocommerce-loop-product__link\">\n<div class=\"list-sale-flash\"><\/div><img loading=\"lazy\" decoding=\"async\" width=\"300\" height=\"300\" src=\"https:\/\/rimtatar.com\/wp-content\/uploads\/2023\/06\/DSC03510-2-2-300x300.jpg\" class=\"attachment-woocommerce_thumbnail size-woocommerce_thumbnail\" alt=\"Round Table\" srcset=\"https:\/\/rimtatar.com\/wp-content\/uploads\/2023\/06\/DSC03510-2-2-300x300.jpg 300w, https:\/\/rimtatar.com\/wp-content\/uploads\/2023\/06\/DSC03510-2-2-150x150.jpg 150w, https:\/\/rimtatar.com\/wp-content\/uploads\/2023\/06\/DSC03510-2-2-100x100.jpg 100w\" sizes=\"(max-width: 300px) 100vw, 300px\" \/><h2 class=\"woocommerce-loop-product__title\">Round Table<\/h2><div title=\"Rated 0 out of 5\" class=\"star-rating\"><span style=\"width:0%\"><strong class=\"rating\">0.00<\/strong> out of 5<\/span><\/div>\n\t<span class=\"price\"><span class=\"woocommerce-Price-amount amount\"><bdi><span class=\"woocommerce-Price-currencySymbol\">&#x62f;.&#x62a;<\/span>&nbsp;50,000<\/bdi><\/span><\/span>\n<\/a><a href=\"?add-to-cart=17211\" aria-describedby=\"woocommerce_loop_add_to_cart_link_describedby_17211\" data-quantity=\"1\" class=\"button product_type_simple add_to_cart_button ajax_add_to_cart\" data-product_id=\"17211\" data-product_sku=\"\" aria-label=\"Ajouter au panier\u00a0: &ldquo;Round Table&rdquo;\" rel=\"nofollow\" data-success_message=\"\u00ab\u00a0Round Table\u00a0\u00bb a \u00e9t\u00e9 ajout\u00e9 \u00e0 votre panier\">Ajouter au panier<\/a>\t<span id=\"woocommerce_loop_add_to_cart_link_describedby_17211\" class=\"screen-reader-text\">\n\t\t\t<\/span>\n\t\t\t\t\t\t<\/div>\n\t\t\t\t\t\t\t\t\t\t\t\t<div class=\"thim-ekits-product__item swiper-slide product type-product post-17210 status-publish first instock product_cat-my-services has-post-thumbnail virtual taxable product-type-simple\">\n\t\t\t\t\t\t\t<a href=\"https:\/\/rimtatar.com\/index.php\/produit\/workshop\/\" class=\"woocommerce-LoopProduct-link woocommerce-loop-product__link\">\n<div class=\"list-sale-flash\"><\/div><img loading=\"lazy\" decoding=\"async\" width=\"300\" height=\"300\" src=\"https:\/\/rimtatar.com\/wp-content\/uploads\/2013\/06\/DSC09746-2-300x300.jpg\" class=\"attachment-woocommerce_thumbnail size-woocommerce_thumbnail\" alt=\"Workshop\" srcset=\"https:\/\/rimtatar.com\/wp-content\/uploads\/2013\/06\/DSC09746-2-300x300.jpg 300w, https:\/\/rimtatar.com\/wp-content\/uploads\/2013\/06\/DSC09746-2-150x150.jpg 150w, https:\/\/rimtatar.com\/wp-content\/uploads\/2013\/06\/DSC09746-2-100x100.jpg 100w\" sizes=\"(max-width: 300px) 100vw, 300px\" \/><h2 class=\"woocommerce-loop-product__title\">Workshop<\/h2><div title=\"Rated 0 out of 5\" class=\"star-rating\"><span style=\"width:0%\"><strong class=\"rating\">0.00<\/strong> out of 5<\/span><\/div>\n<\/a><a href=\"https:\/\/rimtatar.com\/index.php\/produit\/workshop\/\" aria-describedby=\"woocommerce_loop_add_to_cart_link_describedby_17210\" data-quantity=\"1\" class=\"button product_type_simple\" data-product_id=\"17210\" data-product_sku=\"\" aria-label=\"En savoir plus sur &ldquo;Workshop&rdquo;\" rel=\"nofollow\" data-success_message=\"\">Lire la suite<\/a>\t<span id=\"woocommerce_loop_add_to_cart_link_describedby_17210\" class=\"screen-reader-text\">\n\t\t\t<\/span>\n\t\t\t\t\t\t<\/div>\n\t\t\t\t\t\t\t\t\t\t<\/div>\n\t\t\t<\/div>\n\t\t\t\t\t\t\t<\/div>\n\t\t\t\t<\/div>\n\t\t\t\t\t<\/div>\n\t\t\t\t<\/div>\n\t\t\t\t<\/div>\n\t\t","protected":false},"excerpt":{"rendered":"<p>Hypnotherapist \u2013 Professional Coach \u2013 RTT Therapist I will support you in finding, deep within your &lsquo;being&rsquo;, the necessary resources to lead you to well-being. So that you can regain confidence and serenity in all areas of your life. To [&hellip;]<\/p>\n","protected":false},"author":1,"featured_media":0,"parent":0,"menu_order":0,"comment_status":"closed","ping_status":"closed","template":"","meta":{"footnotes":""},"class_list":["post-16556","page","type-page","status-publish","hentry"],"jetpack_sharing_enabled":true,"_links":{"self":[{"href":"https:\/\/rimtatar.com\/index.php\/wp-json\/wp\/v2\/pages\/16556","targetHints":{"allow":["GET"]}}],"collection":[{"href":"https:\/\/rimtatar.com\/index.php\/wp-json\/wp\/v2\/pages"}],"about":[{"href":"https:\/\/rimtatar.com\/index.php\/wp-json\/wp\/v2\/types\/page"}],"author":[{"embeddable":true,"href":"https:\/\/rimtatar.com\/index.php\/wp-json\/wp\/v2\/users\/1"}],"replies":[{"embeddable":true,"href":"https:\/\/rimtatar.com\/index.php\/wp-json\/wp\/v2\/comments?post=16556"}],"version-history":[{"count":46,"href":"https:\/\/rimtatar.com\/index.php\/wp-json\/wp\/v2\/pages\/16556\/revisions"}],"predecessor-version":[{"id":17708,"href":"https:\/\/rimtatar.com\/index.php\/wp-json\/wp\/v2\/pages\/16556\/revisions\/17708"}],"wp:attachment":[{"href":"https:\/\/rimtatar.com\/index.php\/wp-json\/wp\/v2\/media?parent=16556"}],"curies":[{"name":"wp","href":"https:\/\/api.w.org\/{rel}","templated":true}]}}